{"id":26137,"date":"2017-11-06T11:56:33","date_gmt":"2017-11-06T09:56:33","guid":{"rendered":"https:\/\/www.brichome.it\/prodotto\/albero-di-natale-quebec-180-cm\/"},"modified":"2023-11-15T17:41:13","modified_gmt":"2023-11-15T16:41:13","slug":"albero-di-natale-alta-qualita-quebec-180cm","status":"publish","type":"product","link":"https:\/\/www.brichome.it\/en\/product\/albero-di-natale-alta-qualita-quebec-180cm\/","title":{"rendered":"High quality Quebec Christmas tree 180cm"},"content":{"rendered":"<h3>Quebec Christmas tree 180cm<\/h3>\n<p>Christmas is tradition, and making a tree is a real ritual that cannot be renounced! The artificial tree is a safe, practical and long-lasting product: it is quick to assemble, it is resistant, totally fireproof and made with absolutely non-toxic materials! You can choose the size and shape that best suits your spaces and you can decorate it with lights and decorations without having the fear of overheating the very structure of the tree as it is built with fireproof materials!<\/p>\n<p><strong>The Quebec Christmas tree 180cm<\/strong>, is ideal for medium-sized environments, for those looking for a high quality tree without compromises. Inside the package there are also practical assembly instructions! The QUEBEC line stands out for the high quality of the product, the mounting system is a hook and the density of branches is <strong>very high<\/strong>, making it as similar as possible to the real counterpart. The support base is made of metal so as to make it<strong> safe and resistant<\/strong>. The needles are made of synthetic material,<strong> fluffy and soft<\/strong> to the touch.<\/p>\n<p>Live Christmas in peace with your decorated home, choose Brichome products, choose the 180cm Quebec Christmas tree! Or visit our website and discover all the trees, <a href=\"https:\/\/www.brichome.it\/en\/product-category\/natale\/alberi-di-natale\/\">Go!<\/a><\/p>\n<p style=\"text-align: left;\"><strong style=\"color: #1b1919; font-size: 22px;\">The guarantee of Brichome products<\/strong><\/p>\n<p style=\"text-align: left;\">Brichome has been at the service of those looking for quality products at the right price for years. A point of sale for professionals in the DIY world, with the aim of standing out for the breadth of the range offered in the\u00a0<strong>more technical sectors.<br \/>\n<\/strong>A great offer of\u00a0<strong>household items<\/strong>\u00a0aimed at individuals and structures such as bars and restaurants.\u00a0<strong>Lighting, outdoor furniture, housewares<\/strong>\u00a0now they have spaces that allow for a wide choice.<br \/>\nThe gardening department is full of solutions to make your homes usable in all respects, even for those who do not have large spaces. The heating sector integrates the &quot;green&quot; spirit of the company, presenting\u00a0<strong>renewable fuels<\/strong>\u00a0from the innumerable solutions, such as the\u00a0<strong>wood<\/strong>\u00a0and the\u00a0<strong>pellets<\/strong>; And\u00a0<strong>stoves<\/strong>\u00a0And\u00a0<strong>boilers<\/strong>\u00a0of the most prestigious brands, available in all price ranges.<\/p>","protected":false},"excerpt":{"rendered":"<p><strong>Christmas tree<\/strong><\/p>\n<p>Characteristics:<\/p>\n<ul>\n<li>Height 180 cm<\/li>\n<li>Diameter 124 cm<\/li>\n<li>Green colour<\/li>\n<li>Branches 983<\/li>\n<li>PVC material<\/li>\n<li>Hook mechanism<\/li>\n<\/ul>","protected":false},"featured_media":36809,"template":"","meta":[],"pwb-brand":[],"product_brand":[],"product_cat":[333,332],"product_tag":[],"class_list":{"0":"post-26137","1":"product","2":"type-product","3":"status-publish","4":"has-post-thumbnail","6":"product_cat-alberi-di-natale","7":"product_cat-natale","8":"product_shipping_class-spedizione-gratis","10":"first","11":"outofstock","12":"shipping-taxable","13":"purchasable","14":"product-type-simple"},"yoast_head":"<!-- This site is optimized with the Yoast SEO plugin v27.4 - https:\/\/yoast.com\/product\/yoast-seo-wordpress\/ -->\n<title>Albero di Natale alta qualit\u00e0 Quebec 180cm : Prezzi e Offerte<\/title>\n<meta name=\"description\" content=\"Albero di Natale Quebec 180cm, di alta qualit\u00e0, per ambienti di medie dimensioni. Densit\u00e0 di rami molto alta, base sicura e resistente.\" \/>\n<meta name=\"robots\" content=\"index, follow, max-snippet:-1, max-image-preview:large, max-video-preview:-1\" \/>\n<link rel=\"canonical\" href=\"https:\/\/www.brichome.it\/en\/product\/albero-di-natale-alta-qualita-quebec-180cm\/\" \/>\n<meta property=\"og:locale\" content=\"en_US\" \/>\n<meta property=\"og:type\" content=\"article\" \/>\n<meta property=\"og:title\" content=\"Albero di Natale alta qualit\u00e0 Quebec 180cm : Prezzi e Offerte\" \/>\n<meta property=\"og:description\" content=\"Albero di Natale Quebec 180cm, di alta qualit\u00e0, per ambienti di medie dimensioni. Densit\u00e0 di rami molto alta, base sicura e resistente.\" \/>\n<meta property=\"og:url\" content=\"https:\/\/www.brichome.it\/en\/product\/albero-di-natale-alta-qualita-quebec-180cm\/\" \/>\n<meta property=\"og:site_name\" content=\"Brichome.it\" \/>\n<meta property=\"article:publisher\" content=\"https:\/\/www.facebook.com\/brichome.it\" \/>\n<meta property=\"article:modified_time\" content=\"2023-11-15T16:41:13+00:00\" \/>\n<meta property=\"og:image\" content=\"https:\/\/www.brichome.it\/wp-content\/uploads\/2021\/09\/8009534011928_MONTEVERDE_180.jpg\" \/>\n\t<meta property=\"og:image:width\" content=\"1000\" \/>\n\t<meta property=\"og:image:height\" content=\"1000\" \/>\n\t<meta property=\"og:image:type\" content=\"image\/jpeg\" \/>\n<meta name=\"twitter:card\" content=\"summary_large_image\" \/>\n<meta name=\"twitter:site\" content=\"@Brichome\" \/>\n<meta name=\"twitter:label1\" content=\"Est. reading time\" \/>\n\t<meta name=\"twitter:data1\" content=\"2 minutes\" \/>\n<script type=\"application\/ld+json\" class=\"yoast-schema-graph\">{\"@context\":\"https:\\\/\\\/schema.org\",\"@graph\":[{\"@type\":\"WebPage\",\"@id\":\"https:\\\/\\\/www.brichome.it\\\/prodotto\\\/albero-di-natale-alta-qualita-quebec-180cm\\\/\",\"url\":\"https:\\\/\\\/www.brichome.it\\\/prodotto\\\/albero-di-natale-alta-qualita-quebec-180cm\\\/\",\"name\":\"Albero di Natale alta qualit\u00e0 Quebec 180cm : Prezzi e Offerte\",\"isPartOf\":{\"@id\":\"https:\\\/\\\/www.brichome.it\\\/#website\"},\"primaryImageOfPage\":{\"@id\":\"https:\\\/\\\/www.brichome.it\\\/prodotto\\\/albero-di-natale-alta-qualita-quebec-180cm\\\/#primaryimage\"},\"image\":{\"@id\":\"https:\\\/\\\/www.brichome.it\\\/prodotto\\\/albero-di-natale-alta-qualita-quebec-180cm\\\/#primaryimage\"},\"thumbnailUrl\":\"https:\\\/\\\/www.brichome.it\\\/wp-content\\\/uploads\\\/2021\\\/09\\\/8009534011928_MONTEVERDE_180.jpg\",\"datePublished\":\"2017-11-06T09:56:33+00:00\",\"dateModified\":\"2023-11-15T16:41:13+00:00\",\"description\":\"Albero di Natale Quebec 180cm, di alta qualit\u00e0, per ambienti di medie dimensioni. Densit\u00e0 di rami molto alta, base sicura e resistente.\",\"breadcrumb\":{\"@id\":\"https:\\\/\\\/www.brichome.it\\\/prodotto\\\/albero-di-natale-alta-qualita-quebec-180cm\\\/#breadcrumb\"},\"inLanguage\":\"en-US\",\"potentialAction\":[{\"@type\":\"ReadAction\",\"target\":[\"https:\\\/\\\/www.brichome.it\\\/prodotto\\\/albero-di-natale-alta-qualita-quebec-180cm\\\/\"]}]},{\"@type\":\"ImageObject\",\"inLanguage\":\"en-US\",\"@id\":\"https:\\\/\\\/www.brichome.it\\\/prodotto\\\/albero-di-natale-alta-qualita-quebec-180cm\\\/#primaryimage\",\"url\":\"https:\\\/\\\/www.brichome.it\\\/wp-content\\\/uploads\\\/2021\\\/09\\\/8009534011928_MONTEVERDE_180.jpg\",\"contentUrl\":\"https:\\\/\\\/www.brichome.it\\\/wp-content\\\/uploads\\\/2021\\\/09\\\/8009534011928_MONTEVERDE_180.jpg\",\"width\":1000,\"height\":1000,\"caption\":\"Albero di Natale Quebec 180cm\"},{\"@type\":\"BreadcrumbList\",\"@id\":\"https:\\\/\\\/www.brichome.it\\\/prodotto\\\/albero-di-natale-alta-qualita-quebec-180cm\\\/#breadcrumb\",\"itemListElement\":[{\"@type\":\"ListItem\",\"position\":1,\"name\":\"Home\",\"item\":\"https:\\\/\\\/www.brichome.it\\\/\"},{\"@type\":\"ListItem\",\"position\":2,\"name\":\"Catalogo Prodotti\",\"item\":\"https:\\\/\\\/www.brichome.it\\\/shop\\\/\"},{\"@type\":\"ListItem\",\"position\":3,\"name\":\"Natale\",\"item\":\"https:\\\/\\\/www.brichome.it\\\/categoria-prodotto\\\/natale\\\/\"},{\"@type\":\"ListItem\",\"position\":4,\"name\":\"Alberi di natale\",\"item\":\"https:\\\/\\\/www.brichome.it\\\/categoria-prodotto\\\/natale\\\/alberi-di-natale\\\/\"},{\"@type\":\"ListItem\",\"position\":5,\"name\":\"Albero di Natale alta qualit\u00e0 Quebec 180cm\"}]},{\"@type\":\"WebSite\",\"@id\":\"https:\\\/\\\/www.brichome.it\\\/#website\",\"url\":\"https:\\\/\\\/www.brichome.it\\\/\",\"name\":\"Brichome.it\",\"description\":\"il Centro della Casa\",\"publisher\":{\"@id\":\"https:\\\/\\\/www.brichome.it\\\/#organization\"},\"potentialAction\":[{\"@type\":\"SearchAction\",\"target\":{\"@type\":\"EntryPoint\",\"urlTemplate\":\"https:\\\/\\\/www.brichome.it\\\/?s={search_term_string}\"},\"query-input\":{\"@type\":\"PropertyValueSpecification\",\"valueRequired\":true,\"valueName\":\"search_term_string\"}}],\"inLanguage\":\"en-US\"},{\"@type\":\"Organization\",\"@id\":\"https:\\\/\\\/www.brichome.it\\\/#organization\",\"name\":\"Brichome\",\"url\":\"https:\\\/\\\/www.brichome.it\\\/\",\"logo\":{\"@type\":\"ImageObject\",\"inLanguage\":\"en-US\",\"@id\":\"https:\\\/\\\/www.brichome.it\\\/#\\\/schema\\\/logo\\\/image\\\/\",\"url\":\"https:\\\/\\\/www.brichome.it\\\/wp-content\\\/uploads\\\/2017\\\/08\\\/logo.png\",\"contentUrl\":\"https:\\\/\\\/www.brichome.it\\\/wp-content\\\/uploads\\\/2017\\\/08\\\/logo.png\",\"width\":324,\"height\":75,\"caption\":\"Brichome\"},\"image\":{\"@id\":\"https:\\\/\\\/www.brichome.it\\\/#\\\/schema\\\/logo\\\/image\\\/\"},\"sameAs\":[\"https:\\\/\\\/www.facebook.com\\\/brichome.it\",\"https:\\\/\\\/x.com\\\/Brichome\",\"https:\\\/\\\/www.pinterest.com\\\/brichome\\\/\"]}]}<\/script>\n<!-- \/ Yoast SEO plugin. -->","yoast_head_json":{"title":"Albero di Natale alta qualit\u00e0 Quebec 180cm : Prezzi e Offerte","description":"Albero di Natale Quebec 180cm, di alta qualit\u00e0, per ambienti di medie dimensioni. Densit\u00e0 di rami molto alta, base sicura e resistente.","robots":{"index":"index","follow":"follow","max-snippet":"max-snippet:-1","max-image-preview":"max-image-preview:large","max-video-preview":"max-video-preview:-1"},"canonical":"https:\/\/www.brichome.it\/en\/product\/albero-di-natale-alta-qualita-quebec-180cm\/","og_locale":"en_US","og_type":"article","og_title":"Albero di Natale alta qualit\u00e0 Quebec 180cm : Prezzi e Offerte","og_description":"Albero di Natale Quebec 180cm, di alta qualit\u00e0, per ambienti di medie dimensioni. Densit\u00e0 di rami molto alta, base sicura e resistente.","og_url":"https:\/\/www.brichome.it\/en\/product\/albero-di-natale-alta-qualita-quebec-180cm\/","og_site_name":"Brichome.it","article_publisher":"https:\/\/www.facebook.com\/brichome.it","article_modified_time":"2023-11-15T16:41:13+00:00","og_image":[{"width":1000,"height":1000,"url":"https:\/\/www.brichome.it\/wp-content\/uploads\/2021\/09\/8009534011928_MONTEVERDE_180.jpg","type":"image\/jpeg"}],"twitter_card":"summary_large_image","twitter_site":"@Brichome","twitter_misc":{"Est. reading time":"2 minutes"},"schema":{"@context":"https:\/\/schema.org","@graph":[{"@type":"WebPage","@id":"https:\/\/www.brichome.it\/prodotto\/albero-di-natale-alta-qualita-quebec-180cm\/","url":"https:\/\/www.brichome.it\/prodotto\/albero-di-natale-alta-qualita-quebec-180cm\/","name":"Albero di Natale alta qualit\u00e0 Quebec 180cm : Prezzi e Offerte","isPartOf":{"@id":"https:\/\/www.brichome.it\/#website"},"primaryImageOfPage":{"@id":"https:\/\/www.brichome.it\/prodotto\/albero-di-natale-alta-qualita-quebec-180cm\/#primaryimage"},"image":{"@id":"https:\/\/www.brichome.it\/prodotto\/albero-di-natale-alta-qualita-quebec-180cm\/#primaryimage"},"thumbnailUrl":"https:\/\/www.brichome.it\/wp-content\/uploads\/2021\/09\/8009534011928_MONTEVERDE_180.jpg","datePublished":"2017-11-06T09:56:33+00:00","dateModified":"2023-11-15T16:41:13+00:00","description":"Albero di Natale Quebec 180cm, di alta qualit\u00e0, per ambienti di medie dimensioni. Densit\u00e0 di rami molto alta, base sicura e resistente.","breadcrumb":{"@id":"https:\/\/www.brichome.it\/prodotto\/albero-di-natale-alta-qualita-quebec-180cm\/#breadcrumb"},"inLanguage":"en-US","potentialAction":[{"@type":"ReadAction","target":["https:\/\/www.brichome.it\/prodotto\/albero-di-natale-alta-qualita-quebec-180cm\/"]}]},{"@type":"ImageObject","inLanguage":"en-US","@id":"https:\/\/www.brichome.it\/prodotto\/albero-di-natale-alta-qualita-quebec-180cm\/#primaryimage","url":"https:\/\/www.brichome.it\/wp-content\/uploads\/2021\/09\/8009534011928_MONTEVERDE_180.jpg","contentUrl":"https:\/\/www.brichome.it\/wp-content\/uploads\/2021\/09\/8009534011928_MONTEVERDE_180.jpg","width":1000,"height":1000,"caption":"Albero di Natale Quebec 180cm"},{"@type":"BreadcrumbList","@id":"https:\/\/www.brichome.it\/prodotto\/albero-di-natale-alta-qualita-quebec-180cm\/#breadcrumb","itemListElement":[{"@type":"ListItem","position":1,"name":"Home","item":"https:\/\/www.brichome.it\/"},{"@type":"ListItem","position":2,"name":"Catalogo Prodotti","item":"https:\/\/www.brichome.it\/shop\/"},{"@type":"ListItem","position":3,"name":"Natale","item":"https:\/\/www.brichome.it\/categoria-prodotto\/natale\/"},{"@type":"ListItem","position":4,"name":"Alberi di natale","item":"https:\/\/www.brichome.it\/categoria-prodotto\/natale\/alberi-di-natale\/"},{"@type":"ListItem","position":5,"name":"Albero di Natale alta qualit\u00e0 Quebec 180cm"}]},{"@type":"WebSite","@id":"https:\/\/www.brichome.it\/#website","url":"https:\/\/www.brichome.it\/","name":"Brichome.it","description":"the Center of the House","publisher":{"@id":"https:\/\/www.brichome.it\/#organization"},"potentialAction":[{"@type":"SearchAction","target":{"@type":"EntryPoint","urlTemplate":"https:\/\/www.brichome.it\/?s={search_term_string}"},"query-input":{"@type":"PropertyValueSpecification","valueRequired":true,"valueName":"search_term_string"}}],"inLanguage":"en-US"},{"@type":"Organization","@id":"https:\/\/www.brichome.it\/#organization","name":"Brichome","url":"https:\/\/www.brichome.it\/","logo":{"@type":"ImageObject","inLanguage":"en-US","@id":"https:\/\/www.brichome.it\/#\/schema\/logo\/image\/","url":"https:\/\/www.brichome.it\/wp-content\/uploads\/2017\/08\/logo.png","contentUrl":"https:\/\/www.brichome.it\/wp-content\/uploads\/2017\/08\/logo.png","width":324,"height":75,"caption":"Brichome"},"image":{"@id":"https:\/\/www.brichome.it\/#\/schema\/logo\/image\/"},"sameAs":["https:\/\/www.facebook.com\/brichome.it","https:\/\/x.com\/Brichome","https:\/\/www.pinterest.com\/brichome\/"]}]}},"brands":[],"_links":{"self":[{"href":"https:\/\/www.brichome.it\/en\/wp-json\/wp\/v2\/product\/26137","targetHints":{"allow":["GET"]}}],"collection":[{"href":"https:\/\/www.brichome.it\/en\/wp-json\/wp\/v2\/product"}],"about":[{"href":"https:\/\/www.brichome.it\/en\/wp-json\/wp\/v2\/types\/product"}],"wp:featuredmedia":[{"embeddable":true,"href":"https:\/\/www.brichome.it\/en\/wp-json\/wp\/v2\/media\/36809"}],"wp:attachment":[{"href":"https:\/\/www.brichome.it\/en\/wp-json\/wp\/v2\/media?parent=26137"}],"wp:term":[{"taxonomy":"pwb-brand","embeddable":true,"href":"https:\/\/www.brichome.it\/en\/wp-json\/wp\/v2\/pwb-brand?post=26137"},{"taxonomy":"product_brand","embeddable":true,"href":"https:\/\/www.brichome.it\/en\/wp-json\/wp\/v2\/product_brand?post=26137"},{"taxonomy":"product_cat","embeddable":true,"href":"https:\/\/www.brichome.it\/en\/wp-json\/wp\/v2\/product_cat?post=26137"},{"taxonomy":"product_tag","embeddable":true,"href":"https:\/\/www.brichome.it\/en\/wp-json\/wp\/v2\/product_tag?post=26137"}],"curies":[{"name":"wp","href":"https:\/\/api.w.org\/{rel}","templated":true}]}}