{"id":43487,"date":"2023-03-17T17:37:33","date_gmt":"2023-03-17T16:37:33","guid":{"rendered":"https:\/\/www.brichome.it\/?post_type=product&#038;p=43487"},"modified":"2023-03-20T10:28:24","modified_gmt":"2023-03-20T09:28:24","slug":"dondolo-3-posti-bianco-e-verde","status":"publish","type":"product","link":"https:\/\/www.brichome.it\/en\/product\/dondolo-3-posti-bianco-e-verde\/","title":{"rendered":"White and green 3-seater rocking chair"},"content":{"rendered":"<h3>Dondolo 3 posti bianco e verde<\/h3>\n<p><strong>Dondolo 3 posti bianco e verde, <\/strong>ideale per creare un&#8217;esperienza di relax e comfort all&#8217;aperto. Con una struttura solida in metallo verniciato e una seduta resistente agli agenti atmosferici, questo dondolo offre un&#8217;esperienza di alta qualit\u00e0, perfetta per godersi il tempo libero con amici e familiari.<\/p>\n<div class=\"group w-full text-gray-800 dark:text-gray-100 border-b border-black\/10 dark:border-gray-900\/50 bg-gray-50 dark:bg-[#444654]\">\n<div class=\"text-base gap-4 md:gap-6 md:max-w-2xl lg:max-w-2xl xl:max-w-3xl p-4 md:py-6 flex lg:px-0 m-auto\">\n<div class=\"relative flex w-[calc(100%-50px)] flex-col gap-1 md:gap-3 lg:w-[calc(100%-115px)]\">\n<div class=\"flex flex-grow flex-col gap-3\">\n<div class=\"min-h-[20px] flex flex-col items-start gap-4 whitespace-pre-wrap\">\n<div class=\"markdown prose w-full break-words dark:prose-invert light\">\n<p>Caratteristiche tecniche:<\/p>\n<ul>\n<li>Materiali: struttura in metallo verniciato, seduta e schienale in tessuto resistente agli agenti atmosferici<\/li>\n<li>Colore: bianco e verde<\/li>\n<li>Portata massima: 240 kg<\/li>\n<\/ul>\n<p>Funzionalit\u00e0: Il dondolo a 3 posti bianco e verde \u00e8 dotato di una solida struttura in metallo verniciato che garantisce una perfetta stabilit\u00e0 durante l&#8217;utilizzo. La seduta e lo schienale, realizzati in tessuto resistente agli agenti atmosferici, offrono un alto livello di comfort e durabilit\u00e0. La colorazione bianca e verde del dondolo si integra perfettamente in qualsiasi ambiente esterno, donando un tocco di eleganza e stile.<\/p>\n<p>Utilizzo: Il dondolo a 3 posti bianco e verde \u00e8 perfetto per coloro che cercano un&#8217;esperienza di relax e comfort all&#8217;aperto. Con una portata massima di 240 kg, il dondolo pu\u00f2 ospitare comodamente fino a tre persone. Grazie alla sua struttura resistente e al tessuto resistente agli agenti atmosferici.<\/p>\n<p>Note: Prima dell&#8217;utilizzo, si consiglia di verificare la stabilit\u00e0 della struttura del dondolo. Durante la stagione invernale, \u00e8 consigliabile riporre il dondolo in un luogo riparato. Con il suo design elegante e la sua grande funzionalit\u00e0, il dondolo a 3 posti bianco e verde \u00e8 l&#8217;accessorio perfetto per creare un&#8217;atmosfera accogliente e rilassante all&#8217;aperto, in compagnia dei propri cari.<\/p>\n<h3><strong>La garanzia dei prodotti Brichome<\/strong><\/h3>\n<p>Brichome da anni \u00e8 al servizio di chi cerca prodotti di qualit\u00e0 al giusto prezzo. Un punto vendita di professionisti nel mondo del fai da te, con l\u2019obiettivo di distinguersi per l\u2019ampiezza di gamma offerta nei <strong>settori pi\u00f9 tecnici.<\/strong><br \/>\nUna grande offerta di <strong>articoli per la casa<\/strong> rivolti a privati e strutture come bar e ristoranti. <strong>Arredamento per esterni<\/strong>, <strong>piscine<\/strong>, <strong>barbecue<\/strong>, tutto per il <strong>giardinaggio<\/strong>, <strong>riscaldamento<\/strong>, <strong>illuminazione<\/strong> e <strong>casalinghi<\/strong> ora hanno spazi che permettono una vasta scelta.<br \/>\nIl reparto dedicato al giardinaggio \u00e8 ricco di soluzioni per rendere le proprie case sfruttabili in tutto e per tutto, anche per chi non dispone di ampi spazi. Il settore del riscaldamento integra lo spirito \u201cgreen\u201d dell\u2019azienda, presentando <strong>combustibili rinnovabili<\/strong> dalle innumerevoli soluzioni, come la <strong>legna<\/strong> e il <strong>pellet<\/strong>; e <strong>stufe<\/strong> e <strong>caldaie<\/strong> delle marche pi\u00f9 prestigiose, disponibili in tutte le fasce di prezzo.<\/p>\n<p>Seguici su Facebook per rimanere sempre aggiornato sulle nostre novit\u00e0 e le nostre promozioni, <a href=\"https:\/\/www.facebook.com\/brichome.it\">clicca qui<\/a>!<\/p>\n<\/div>\n<\/div>\n<\/div>\n<div class=\"flex justify-between\">\n<div class=\"text-gray-400 flex self-end lg:self-center justify-center mt-2 gap-3 md:gap-4 lg:gap-1 lg:absolute lg:top-0 lg:translate-x-full lg:right-0 lg:mt-0 lg:pl-2 visible\"><\/div>\n<\/div>\n<\/div>\n<\/div>\n<\/div>\n","protected":false},"excerpt":{"rendered":"<p>3 seater rocking chair<\/p>\n<p>Characteristics:<\/p>\n<ul>\n<li>Painted metal structure material<\/li>\n<li>Seat and backrest material polyester<\/li>\n<li>Color: white and green<\/li>\n<li>Maximum load: 240kg<\/li>\n<\/ul>","protected":false},"featured_media":43488,"template":"","meta":[],"pwb-brand":[6768],"product_brand":[],"product_cat":[167,223,220],"product_tag":[],"class_list":{"0":"post-43487","1":"product","2":"type-product","3":"status-publish","4":"has-post-thumbnail","6":"pwb-brand-linhai-winfun","7":"product_cat-arredamento-da-esterni","8":"product_cat-dondoli-e-amache","9":"product_cat-sdraio-e-lettini","10":"product_shipping_class-fascia-3","12":"first","13":"instock","14":"shipping-taxable","15":"purchasable","16":"product-type-simple"},"yoast_head":"<!-- This site is optimized with the Yoast SEO plugin v27.4 - https:\/\/yoast.com\/product\/yoast-seo-wordpress\/ -->\n<title>Dondolo 3 posti bianco e verde :<\/title>\n<meta name=\"description\" content=\"Dondolo 3 posti bianco e verde - Brichome.it. ideale per creare un&#039;esperienza di relax e comfort all&#039;aperto. Con una struttura solida in metallo verniciato\" \/>\n<meta name=\"robots\" content=\"index, follow, max-snippet:-1, max-image-preview:large, max-video-preview:-1\" \/>\n<link rel=\"canonical\" href=\"https:\/\/www.brichome.it\/en\/product\/dondolo-3-posti-bianco-e-verde\/\" \/>\n<meta property=\"og:locale\" content=\"en_US\" \/>\n<meta property=\"og:type\" content=\"article\" \/>\n<meta property=\"og:title\" content=\"Dondolo 3 posti bianco e verde :\" \/>\n<meta property=\"og:description\" content=\"Dondolo 3 posti bianco e verde - Brichome.it. ideale per creare un&#039;esperienza di relax e comfort all&#039;aperto. Con una struttura solida in metallo verniciato\" \/>\n<meta property=\"og:url\" content=\"https:\/\/www.brichome.it\/en\/product\/dondolo-3-posti-bianco-e-verde\/\" \/>\n<meta property=\"og:site_name\" content=\"Brichome.it\" \/>\n<meta property=\"article:publisher\" content=\"https:\/\/www.facebook.com\/brichome.it\" \/>\n<meta property=\"article:modified_time\" content=\"2023-03-20T09:28:24+00:00\" \/>\n<meta property=\"og:image\" content=\"https:\/\/www.brichome.it\/wp-content\/uploads\/2023\/03\/8032074016160.jpg\" \/>\n\t<meta property=\"og:image:width\" content=\"1761\" \/>\n\t<meta property=\"og:image:height\" content=\"1920\" \/>\n\t<meta property=\"og:image:type\" content=\"image\/jpeg\" \/>\n<meta name=\"twitter:card\" content=\"summary_large_image\" \/>\n<meta name=\"twitter:site\" content=\"@Brichome\" \/>\n<meta name=\"twitter:label1\" content=\"Est. reading time\" \/>\n\t<meta name=\"twitter:data1\" content=\"3 minutes\" \/>\n<script type=\"application\/ld+json\" class=\"yoast-schema-graph\">{\"@context\":\"https:\\\/\\\/schema.org\",\"@graph\":[{\"@type\":\"WebPage\",\"@id\":\"https:\\\/\\\/www.brichome.it\\\/prodotto\\\/dondolo-3-posti-bianco-e-verde\\\/\",\"url\":\"https:\\\/\\\/www.brichome.it\\\/prodotto\\\/dondolo-3-posti-bianco-e-verde\\\/\",\"name\":\"Dondolo 3 posti bianco e verde :\",\"isPartOf\":{\"@id\":\"https:\\\/\\\/www.brichome.it\\\/#website\"},\"primaryImageOfPage\":{\"@id\":\"https:\\\/\\\/www.brichome.it\\\/prodotto\\\/dondolo-3-posti-bianco-e-verde\\\/#primaryimage\"},\"image\":{\"@id\":\"https:\\\/\\\/www.brichome.it\\\/prodotto\\\/dondolo-3-posti-bianco-e-verde\\\/#primaryimage\"},\"thumbnailUrl\":\"https:\\\/\\\/www.brichome.it\\\/wp-content\\\/uploads\\\/2023\\\/03\\\/8032074016160.jpg\",\"datePublished\":\"2023-03-17T16:37:33+00:00\",\"dateModified\":\"2023-03-20T09:28:24+00:00\",\"description\":\"Dondolo 3 posti bianco e verde - Brichome.it. ideale per creare un'esperienza di relax e comfort all'aperto. Con una struttura solida in metallo verniciato\",\"breadcrumb\":{\"@id\":\"https:\\\/\\\/www.brichome.it\\\/prodotto\\\/dondolo-3-posti-bianco-e-verde\\\/#breadcrumb\"},\"inLanguage\":\"en-US\",\"potentialAction\":[{\"@type\":\"ReadAction\",\"target\":[\"https:\\\/\\\/www.brichome.it\\\/prodotto\\\/dondolo-3-posti-bianco-e-verde\\\/\"]}]},{\"@type\":\"ImageObject\",\"inLanguage\":\"en-US\",\"@id\":\"https:\\\/\\\/www.brichome.it\\\/prodotto\\\/dondolo-3-posti-bianco-e-verde\\\/#primaryimage\",\"url\":\"https:\\\/\\\/www.brichome.it\\\/wp-content\\\/uploads\\\/2023\\\/03\\\/8032074016160.jpg\",\"contentUrl\":\"https:\\\/\\\/www.brichome.it\\\/wp-content\\\/uploads\\\/2023\\\/03\\\/8032074016160.jpg\",\"width\":1761,\"height\":1920,\"caption\":\"donodolo-3-posti-bianco-e-verde\"},{\"@type\":\"BreadcrumbList\",\"@id\":\"https:\\\/\\\/www.brichome.it\\\/prodotto\\\/dondolo-3-posti-bianco-e-verde\\\/#breadcrumb\",\"itemListElement\":[{\"@type\":\"ListItem\",\"position\":1,\"name\":\"Home\",\"item\":\"https:\\\/\\\/www.brichome.it\\\/\"},{\"@type\":\"ListItem\",\"position\":2,\"name\":\"Catalogo Prodotti\",\"item\":\"https:\\\/\\\/www.brichome.it\\\/shop\\\/\"},{\"@type\":\"ListItem\",\"position\":3,\"name\":\"Arredamento da Esterni\",\"item\":\"https:\\\/\\\/www.brichome.it\\\/categoria-prodotto\\\/arredamento-da-esterni\\\/\"},{\"@type\":\"ListItem\",\"position\":4,\"name\":\"Dondolo 3 posti bianco e verde\"}]},{\"@type\":\"WebSite\",\"@id\":\"https:\\\/\\\/www.brichome.it\\\/#website\",\"url\":\"https:\\\/\\\/www.brichome.it\\\/\",\"name\":\"Brichome.it\",\"description\":\"il Centro della Casa\",\"publisher\":{\"@id\":\"https:\\\/\\\/www.brichome.it\\\/#organization\"},\"potentialAction\":[{\"@type\":\"SearchAction\",\"target\":{\"@type\":\"EntryPoint\",\"urlTemplate\":\"https:\\\/\\\/www.brichome.it\\\/?s={search_term_string}\"},\"query-input\":{\"@type\":\"PropertyValueSpecification\",\"valueRequired\":true,\"valueName\":\"search_term_string\"}}],\"inLanguage\":\"en-US\"},{\"@type\":\"Organization\",\"@id\":\"https:\\\/\\\/www.brichome.it\\\/#organization\",\"name\":\"Brichome\",\"url\":\"https:\\\/\\\/www.brichome.it\\\/\",\"logo\":{\"@type\":\"ImageObject\",\"inLanguage\":\"en-US\",\"@id\":\"https:\\\/\\\/www.brichome.it\\\/#\\\/schema\\\/logo\\\/image\\\/\",\"url\":\"https:\\\/\\\/www.brichome.it\\\/wp-content\\\/uploads\\\/2017\\\/08\\\/logo.png\",\"contentUrl\":\"https:\\\/\\\/www.brichome.it\\\/wp-content\\\/uploads\\\/2017\\\/08\\\/logo.png\",\"width\":324,\"height\":75,\"caption\":\"Brichome\"},\"image\":{\"@id\":\"https:\\\/\\\/www.brichome.it\\\/#\\\/schema\\\/logo\\\/image\\\/\"},\"sameAs\":[\"https:\\\/\\\/www.facebook.com\\\/brichome.it\",\"https:\\\/\\\/x.com\\\/Brichome\",\"https:\\\/\\\/www.pinterest.com\\\/brichome\\\/\"]}]}<\/script>\n<!-- \/ Yoast SEO plugin. -->","yoast_head_json":{"title":"3-seater swing, white and green:","description":"White and green 3-seater swing - Brichome.it. Ideal for creating a relaxing and comfortable outdoor experience. Featuring a sturdy painted metal frame.","robots":{"index":"index","follow":"follow","max-snippet":"max-snippet:-1","max-image-preview":"max-image-preview:large","max-video-preview":"max-video-preview:-1"},"canonical":"https:\/\/www.brichome.it\/en\/product\/dondolo-3-posti-bianco-e-verde\/","og_locale":"en_US","og_type":"article","og_title":"Dondolo 3 posti bianco e verde :","og_description":"Dondolo 3 posti bianco e verde - Brichome.it. ideale per creare un'esperienza di relax e comfort all'aperto. Con una struttura solida in metallo verniciato","og_url":"https:\/\/www.brichome.it\/en\/product\/dondolo-3-posti-bianco-e-verde\/","og_site_name":"Brichome.it","article_publisher":"https:\/\/www.facebook.com\/brichome.it","article_modified_time":"2023-03-20T09:28:24+00:00","og_image":[{"width":1761,"height":1920,"url":"https:\/\/www.brichome.it\/wp-content\/uploads\/2023\/03\/8032074016160.jpg","type":"image\/jpeg"}],"twitter_card":"summary_large_image","twitter_site":"@Brichome","twitter_misc":{"Est. reading time":"3 minutes"},"schema":{"@context":"https:\/\/schema.org","@graph":[{"@type":"WebPage","@id":"https:\/\/www.brichome.it\/prodotto\/dondolo-3-posti-bianco-e-verde\/","url":"https:\/\/www.brichome.it\/prodotto\/dondolo-3-posti-bianco-e-verde\/","name":"3-seater swing, white and green:","isPartOf":{"@id":"https:\/\/www.brichome.it\/#website"},"primaryImageOfPage":{"@id":"https:\/\/www.brichome.it\/prodotto\/dondolo-3-posti-bianco-e-verde\/#primaryimage"},"image":{"@id":"https:\/\/www.brichome.it\/prodotto\/dondolo-3-posti-bianco-e-verde\/#primaryimage"},"thumbnailUrl":"https:\/\/www.brichome.it\/wp-content\/uploads\/2023\/03\/8032074016160.jpg","datePublished":"2023-03-17T16:37:33+00:00","dateModified":"2023-03-20T09:28:24+00:00","description":"White and green 3-seater swing - Brichome.it. Ideal for creating a relaxing and comfortable outdoor experience. Featuring a sturdy painted metal frame.","breadcrumb":{"@id":"https:\/\/www.brichome.it\/prodotto\/dondolo-3-posti-bianco-e-verde\/#breadcrumb"},"inLanguage":"en-US","potentialAction":[{"@type":"ReadAction","target":["https:\/\/www.brichome.it\/prodotto\/dondolo-3-posti-bianco-e-verde\/"]}]},{"@type":"ImageObject","inLanguage":"en-US","@id":"https:\/\/www.brichome.it\/prodotto\/dondolo-3-posti-bianco-e-verde\/#primaryimage","url":"https:\/\/www.brichome.it\/wp-content\/uploads\/2023\/03\/8032074016160.jpg","contentUrl":"https:\/\/www.brichome.it\/wp-content\/uploads\/2023\/03\/8032074016160.jpg","width":1761,"height":1920,"caption":"donodolo-3-posti-bianco-e-verde"},{"@type":"BreadcrumbList","@id":"https:\/\/www.brichome.it\/prodotto\/dondolo-3-posti-bianco-e-verde\/#breadcrumb","itemListElement":[{"@type":"ListItem","position":1,"name":"Home","item":"https:\/\/www.brichome.it\/"},{"@type":"ListItem","position":2,"name":"Catalogo Prodotti","item":"https:\/\/www.brichome.it\/shop\/"},{"@type":"ListItem","position":3,"name":"Arredamento da Esterni","item":"https:\/\/www.brichome.it\/categoria-prodotto\/arredamento-da-esterni\/"},{"@type":"ListItem","position":4,"name":"Dondolo 3 posti bianco e verde"}]},{"@type":"WebSite","@id":"https:\/\/www.brichome.it\/#website","url":"https:\/\/www.brichome.it\/","name":"Brichome.it","description":"the Center of the House","publisher":{"@id":"https:\/\/www.brichome.it\/#organization"},"potentialAction":[{"@type":"SearchAction","target":{"@type":"EntryPoint","urlTemplate":"https:\/\/www.brichome.it\/?s={search_term_string}"},"query-input":{"@type":"PropertyValueSpecification","valueRequired":true,"valueName":"search_term_string"}}],"inLanguage":"en-US"},{"@type":"Organization","@id":"https:\/\/www.brichome.it\/#organization","name":"Brichome","url":"https:\/\/www.brichome.it\/","logo":{"@type":"ImageObject","inLanguage":"en-US","@id":"https:\/\/www.brichome.it\/#\/schema\/logo\/image\/","url":"https:\/\/www.brichome.it\/wp-content\/uploads\/2017\/08\/logo.png","contentUrl":"https:\/\/www.brichome.it\/wp-content\/uploads\/2017\/08\/logo.png","width":324,"height":75,"caption":"Brichome"},"image":{"@id":"https:\/\/www.brichome.it\/#\/schema\/logo\/image\/"},"sameAs":["https:\/\/www.facebook.com\/brichome.it","https:\/\/x.com\/Brichome","https:\/\/www.pinterest.com\/brichome\/"]}]}},"brands":[{"id":6768,"name":"Linhai Winfun","slug":"linhai-winfun"}],"_links":{"self":[{"href":"https:\/\/www.brichome.it\/en\/wp-json\/wp\/v2\/product\/43487","targetHints":{"allow":["GET"]}}],"collection":[{"href":"https:\/\/www.brichome.it\/en\/wp-json\/wp\/v2\/product"}],"about":[{"href":"https:\/\/www.brichome.it\/en\/wp-json\/wp\/v2\/types\/product"}],"wp:featuredmedia":[{"embeddable":true,"href":"https:\/\/www.brichome.it\/en\/wp-json\/wp\/v2\/media\/43488"}],"wp:attachment":[{"href":"https:\/\/www.brichome.it\/en\/wp-json\/wp\/v2\/media?parent=43487"}],"wp:term":[{"taxonomy":"pwb-brand","embeddable":true,"href":"https:\/\/www.brichome.it\/en\/wp-json\/wp\/v2\/pwb-brand?post=43487"},{"taxonomy":"product_brand","embeddable":true,"href":"https:\/\/www.brichome.it\/en\/wp-json\/wp\/v2\/product_brand?post=43487"},{"taxonomy":"product_cat","embeddable":true,"href":"https:\/\/www.brichome.it\/en\/wp-json\/wp\/v2\/product_cat?post=43487"},{"taxonomy":"product_tag","embeddable":true,"href":"https:\/\/www.brichome.it\/en\/wp-json\/wp\/v2\/product_tag?post=43487"}],"curies":[{"name":"wp","href":"https:\/\/api.w.org\/{rel}","templated":true}]}}