{"id":47258,"date":"2024-03-12T10:02:46","date_gmt":"2024-03-12T09:02:46","guid":{"rendered":"https:\/\/www.brichome.it\/?post_type=product&#038;p=47258"},"modified":"2024-03-12T10:02:46","modified_gmt":"2024-03-12T09:02:46","slug":"ombrellone-elea-4-2x3-m","status":"publish","type":"product","link":"https:\/\/www.brichome.it\/en\/product\/ombrellone-elea-4-2x3-m\/","title":{"rendered":"Elea umbrella 4.2\u00d73 m"},"content":{"rendered":"<div class=\"mt-1 flex justify-start gap-3 empty:hidden\">\n<div class=\"text-gray-400 flex self-end lg:self-center justify-center lg:justify-start mt-0 -ml-1 h-7 visible\">\n<div class=\"flex flex-grow flex-col max-w-full\">\n<div class=\"min-h-[20px] text-message flex flex-col items-start gap-3 whitespace-pre-wrap break-words [.text-message+&amp;]:mt-5 overflow-x-auto\" data-message-author-role=\"assistant\" data-message-id=\"1ee61c79-fc67-4623-ba52-da11af19f632\">\n<div class=\"markdown prose w-full break-words dark:prose-invert dark\">\n<h3>Ombrellone Elea 4.2&#215;3 m<\/h3>\n<p>Proteggetevi con stile e comfort dal sole grazie all&#8217;<strong>Ombrellone Elea 4.2&#215;3 m<\/strong> decentrato inclinabile, un prodotto di alta qualit\u00e0 del rinomato marchio Hesp\u00e9ride. La sua caratteristica principale \u00e8 il sistema innovativo di inclinazione, che permette di orientare l&#8217;ombrellone in tutte le direzioni, accompagnato da una tela di eccezionale resistenza.<\/p>\n<p><em>Caratteristiche Principali:<\/em><\/p>\n<ul>\n<li><strong>Dimensioni:<\/strong> L. 420 x P. 300 x H. 265 cm<\/li>\n<li><strong>Diametro del Palo:<\/strong> 93 x 74 mm<\/li>\n<li><strong>Stecche:<\/strong> 25 x 17 mm<\/li>\n<\/ul>\n<p><em>Dettagli Aggiuntivi:<\/em><\/p>\n<ul>\n<li><strong>Venduto Singolarmente:<\/strong> Ombrellone incluso, base non inclusa. Consigliamo l&#8217;uso di 4 basi da 25 kg ciascuna (vendute separatamente) per una stabilit\u00e0 ottimale.<\/li>\n<li><strong>Tela Olefinica:<\/strong> Grande tela esagonale di 3 x 4,2 m, trattata per respingere l&#8217;acqua e fornire una protezione UV UPF50. Dispone di 8 stecche per una maggiore resistenza.<\/li>\n<li><strong>Struttura Robusta:<\/strong> Realizzata in alluminio e acciaio trattato con resina epossidica anticorrosione.<\/li>\n<li><strong>Facile Utilizzo:<\/strong> Sistema di apertura a manovella e rotazione a 360\u00b0 con un pedale.<\/li>\n<li><strong>Ventilazione:<\/strong> La tela \u00e8 dotata di una canna fumaria per favorire la circolazione dell&#8217;aria.<\/li>\n<li><strong>Garanzia:<\/strong> 2 anni di garanzia per la vostra tranquillit\u00e0.<\/li>\n<li><strong>Montaggio:<\/strong> Richiede assemblaggio.<\/li>\n<\/ul>\n<p>Godetevi l&#8217;estate in tutta comodit\u00e0 con l&#8217;ombrellone Elea di Hesp\u00e9ride, un connubio di design moderno e funzionalit\u00e0 avanzata.<\/p>\n<\/div>\n<\/div>\n<\/div>\n<h3><strong>La garanzia dei prodotti Brichome<\/strong><\/h3>\n<p>Brichome da anni \u00e8 al servizio di chi cerca prodotti di qualit\u00e0 al giusto prezzo. Un punto vendita di professionisti nel mondo del fai da te, con l\u2019obiettivo di distinguersi per l\u2019ampiezza di gamma offerta nei <strong>settori pi\u00f9 tecnici.<\/strong><br \/>\nUna grande offerta di <strong>articoli per la casa<\/strong> rivolti a privati e strutture come bar e ristoranti. <strong>Arredamento per esterni<\/strong>, <strong>piscine<\/strong>, <strong>barbecue<\/strong>, tutto per il <strong>giardinaggio<\/strong>, <strong>riscaldamento<\/strong>, <strong>illuminazione<\/strong> e <strong>casalinghi<\/strong> ora hanno spazi che permettono una vasta scelta.<br \/>\nIl reparto dedicato al giardinaggio \u00e8 ricco di soluzioni per rendere le proprie case sfruttabili in tutto e per tutto, anche per chi non dispone di ampi spazi. Il settore del riscaldamento integra lo spirito \u201cgreen\u201d dell\u2019azienda, presentando <strong>combustibili rinnovabili<\/strong> dalle innumerevoli soluzioni, come la <strong>legna<\/strong> e il <strong>pellet<\/strong>; e <strong>stufe<\/strong> e <strong>caldaie<\/strong> delle marche pi\u00f9 prestigiose, disponibili in tutte le fasce di prezzo.<\/p>\n<p>Seguici su Facebook per rimanere sempre aggiornato sulle nostre novit\u00e0 e le nostre promozioni, <a href=\"https:\/\/www.facebook.com\/brichome.it\">clicca qui<\/a>!<\/p>\n<\/div>\n<\/div>\n<div class=\"flex\"><\/div>\n","protected":false},"excerpt":{"rendered":"<p>Hexagonal umbrella<\/p>\n<p>Characteristics:<\/p>\n<ul>\n<li>Dimensions: L. 420 x D. 300 x H. 265 cm<\/li>\n<li>Pole diameter: 93 x 74 mm<\/li>\n<li>Ribs: 25 x 17 mm<\/li>\n<li>Base not included<\/li>\n<li>Olefin cloth<\/li>\n<li>Robust structure<\/li>\n<li>Easy Use<\/li>\n<li>Warranty: 2 years<\/li>\n<\/ul>","protected":false},"featured_media":47259,"template":"","meta":[],"pwb-brand":[6756],"product_brand":[],"product_cat":[167,240,243],"product_tag":[],"class_list":{"0":"post-47258","1":"product","2":"type-product","3":"status-publish","4":"has-post-thumbnail","6":"pwb-brand-jja","7":"product_cat-arredamento-da-esterni","8":"product_cat-gazebo-ombrelloni-tende","9":"product_cat-ombrelloni","10":"product_shipping_class-fascia-4","12":"first","13":"instock","14":"shipping-taxable","15":"purchasable","16":"product-type-simple"},"yoast_head":"<!-- This site is optimized with the Yoast SEO plugin v27.4 - https:\/\/yoast.com\/product\/yoast-seo-wordpress\/ -->\n<title>Ombrellone Elea 4.2x3 m :<\/title>\n<meta name=\"description\" content=\"Brichome.it - Ombrellone Elea 4.2x3 m Dimensioni: L. 420 x P. 300 x H. 265 cm - Diametro del Palo: 93 x 74 mm - Stecche: 25 x 17 mm - Tela esagonale\" \/>\n<meta name=\"robots\" content=\"index, follow, max-snippet:-1, max-image-preview:large, max-video-preview:-1\" \/>\n<link rel=\"canonical\" href=\"https:\/\/www.brichome.it\/en\/product\/ombrellone-elea-4-2x3-m\/\" \/>\n<meta property=\"og:locale\" content=\"en_US\" \/>\n<meta property=\"og:type\" content=\"article\" \/>\n<meta property=\"og:title\" content=\"Ombrellone Elea 4.2x3 m :\" \/>\n<meta property=\"og:description\" content=\"Brichome.it - Ombrellone Elea 4.2x3 m Dimensioni: L. 420 x P. 300 x H. 265 cm - Diametro del Palo: 93 x 74 mm - Stecche: 25 x 17 mm - Tela esagonale\" \/>\n<meta property=\"og:url\" content=\"https:\/\/www.brichome.it\/en\/product\/ombrellone-elea-4-2x3-m\/\" \/>\n<meta property=\"og:site_name\" content=\"Brichome.it\" \/>\n<meta property=\"article:publisher\" content=\"https:\/\/www.facebook.com\/brichome.it\" \/>\n<meta property=\"og:image\" content=\"https:\/\/www.brichome.it\/wp-content\/uploads\/2024\/03\/Ombrellone-Elea-4.2x3-m.png\" \/>\n\t<meta property=\"og:image:width\" content=\"1000\" \/>\n\t<meta property=\"og:image:height\" content=\"1000\" \/>\n\t<meta property=\"og:image:type\" content=\"image\/png\" \/>\n<meta name=\"twitter:card\" content=\"summary_large_image\" \/>\n<meta name=\"twitter:site\" content=\"@Brichome\" \/>\n<meta name=\"twitter:label1\" content=\"Est. reading time\" \/>\n\t<meta name=\"twitter:data1\" content=\"2 minutes\" \/>\n<script type=\"application\/ld+json\" class=\"yoast-schema-graph\">{\"@context\":\"https:\\\/\\\/schema.org\",\"@graph\":[{\"@type\":\"WebPage\",\"@id\":\"https:\\\/\\\/www.brichome.it\\\/prodotto\\\/ombrellone-elea-4-2x3-m\\\/\",\"url\":\"https:\\\/\\\/www.brichome.it\\\/prodotto\\\/ombrellone-elea-4-2x3-m\\\/\",\"name\":\"Ombrellone Elea 4.2x3 m :\",\"isPartOf\":{\"@id\":\"https:\\\/\\\/www.brichome.it\\\/#website\"},\"primaryImageOfPage\":{\"@id\":\"https:\\\/\\\/www.brichome.it\\\/prodotto\\\/ombrellone-elea-4-2x3-m\\\/#primaryimage\"},\"image\":{\"@id\":\"https:\\\/\\\/www.brichome.it\\\/prodotto\\\/ombrellone-elea-4-2x3-m\\\/#primaryimage\"},\"thumbnailUrl\":\"https:\\\/\\\/www.brichome.it\\\/wp-content\\\/uploads\\\/2024\\\/03\\\/Ombrellone-Elea-4.2x3-m.png\",\"datePublished\":\"2024-03-12T09:02:46+00:00\",\"description\":\"Brichome.it - Ombrellone Elea 4.2x3 m Dimensioni: L. 420 x P. 300 x H. 265 cm - Diametro del Palo: 93 x 74 mm - Stecche: 25 x 17 mm - Tela esagonale\",\"breadcrumb\":{\"@id\":\"https:\\\/\\\/www.brichome.it\\\/prodotto\\\/ombrellone-elea-4-2x3-m\\\/#breadcrumb\"},\"inLanguage\":\"en-US\",\"potentialAction\":[{\"@type\":\"ReadAction\",\"target\":[\"https:\\\/\\\/www.brichome.it\\\/prodotto\\\/ombrellone-elea-4-2x3-m\\\/\"]}]},{\"@type\":\"ImageObject\",\"inLanguage\":\"en-US\",\"@id\":\"https:\\\/\\\/www.brichome.it\\\/prodotto\\\/ombrellone-elea-4-2x3-m\\\/#primaryimage\",\"url\":\"https:\\\/\\\/www.brichome.it\\\/wp-content\\\/uploads\\\/2024\\\/03\\\/Ombrellone-Elea-4.2x3-m.png\",\"contentUrl\":\"https:\\\/\\\/www.brichome.it\\\/wp-content\\\/uploads\\\/2024\\\/03\\\/Ombrellone-Elea-4.2x3-m.png\",\"width\":1000,\"height\":1000,\"caption\":\"Ombrellone Elea 4.2x3 m\"},{\"@type\":\"BreadcrumbList\",\"@id\":\"https:\\\/\\\/www.brichome.it\\\/prodotto\\\/ombrellone-elea-4-2x3-m\\\/#breadcrumb\",\"itemListElement\":[{\"@type\":\"ListItem\",\"position\":1,\"name\":\"Home\",\"item\":\"https:\\\/\\\/www.brichome.it\\\/\"},{\"@type\":\"ListItem\",\"position\":2,\"name\":\"Catalogo Prodotti\",\"item\":\"https:\\\/\\\/www.brichome.it\\\/shop\\\/\"},{\"@type\":\"ListItem\",\"position\":3,\"name\":\"Arredamento da Esterni\",\"item\":\"https:\\\/\\\/www.brichome.it\\\/categoria-prodotto\\\/arredamento-da-esterni\\\/\"},{\"@type\":\"ListItem\",\"position\":4,\"name\":\"Ombrellone Elea 4.2&#215;3 m\"}]},{\"@type\":\"WebSite\",\"@id\":\"https:\\\/\\\/www.brichome.it\\\/#website\",\"url\":\"https:\\\/\\\/www.brichome.it\\\/\",\"name\":\"Brichome.it\",\"description\":\"il Centro della Casa\",\"publisher\":{\"@id\":\"https:\\\/\\\/www.brichome.it\\\/#organization\"},\"potentialAction\":[{\"@type\":\"SearchAction\",\"target\":{\"@type\":\"EntryPoint\",\"urlTemplate\":\"https:\\\/\\\/www.brichome.it\\\/?s={search_term_string}\"},\"query-input\":{\"@type\":\"PropertyValueSpecification\",\"valueRequired\":true,\"valueName\":\"search_term_string\"}}],\"inLanguage\":\"en-US\"},{\"@type\":\"Organization\",\"@id\":\"https:\\\/\\\/www.brichome.it\\\/#organization\",\"name\":\"Brichome\",\"url\":\"https:\\\/\\\/www.brichome.it\\\/\",\"logo\":{\"@type\":\"ImageObject\",\"inLanguage\":\"en-US\",\"@id\":\"https:\\\/\\\/www.brichome.it\\\/#\\\/schema\\\/logo\\\/image\\\/\",\"url\":\"https:\\\/\\\/www.brichome.it\\\/wp-content\\\/uploads\\\/2017\\\/08\\\/logo.png\",\"contentUrl\":\"https:\\\/\\\/www.brichome.it\\\/wp-content\\\/uploads\\\/2017\\\/08\\\/logo.png\",\"width\":324,\"height\":75,\"caption\":\"Brichome\"},\"image\":{\"@id\":\"https:\\\/\\\/www.brichome.it\\\/#\\\/schema\\\/logo\\\/image\\\/\"},\"sameAs\":[\"https:\\\/\\\/www.facebook.com\\\/brichome.it\",\"https:\\\/\\\/x.com\\\/Brichome\",\"https:\\\/\\\/www.pinterest.com\\\/brichome\\\/\"]}]}<\/script>\n<!-- \/ Yoast SEO plugin. -->","yoast_head_json":{"title":"Ombrellone Elea 4.2x3 m :","description":"Brichome.it - Ombrellone Elea 4.2x3 m Dimensioni: L. 420 x P. 300 x H. 265 cm - Diametro del Palo: 93 x 74 mm - Stecche: 25 x 17 mm - Tela esagonale","robots":{"index":"index","follow":"follow","max-snippet":"max-snippet:-1","max-image-preview":"max-image-preview:large","max-video-preview":"max-video-preview:-1"},"canonical":"https:\/\/www.brichome.it\/en\/product\/ombrellone-elea-4-2x3-m\/","og_locale":"en_US","og_type":"article","og_title":"Ombrellone Elea 4.2x3 m :","og_description":"Brichome.it - Ombrellone Elea 4.2x3 m Dimensioni: L. 420 x P. 300 x H. 265 cm - Diametro del Palo: 93 x 74 mm - Stecche: 25 x 17 mm - Tela esagonale","og_url":"https:\/\/www.brichome.it\/en\/product\/ombrellone-elea-4-2x3-m\/","og_site_name":"Brichome.it","article_publisher":"https:\/\/www.facebook.com\/brichome.it","og_image":[{"width":1000,"height":1000,"url":"https:\/\/www.brichome.it\/wp-content\/uploads\/2024\/03\/Ombrellone-Elea-4.2x3-m.png","type":"image\/png"}],"twitter_card":"summary_large_image","twitter_site":"@Brichome","twitter_misc":{"Est. reading time":"2 minutes"},"schema":{"@context":"https:\/\/schema.org","@graph":[{"@type":"WebPage","@id":"https:\/\/www.brichome.it\/prodotto\/ombrellone-elea-4-2x3-m\/","url":"https:\/\/www.brichome.it\/prodotto\/ombrellone-elea-4-2x3-m\/","name":"Ombrellone Elea 4.2x3 m :","isPartOf":{"@id":"https:\/\/www.brichome.it\/#website"},"primaryImageOfPage":{"@id":"https:\/\/www.brichome.it\/prodotto\/ombrellone-elea-4-2x3-m\/#primaryimage"},"image":{"@id":"https:\/\/www.brichome.it\/prodotto\/ombrellone-elea-4-2x3-m\/#primaryimage"},"thumbnailUrl":"https:\/\/www.brichome.it\/wp-content\/uploads\/2024\/03\/Ombrellone-Elea-4.2x3-m.png","datePublished":"2024-03-12T09:02:46+00:00","description":"Brichome.it - Ombrellone Elea 4.2x3 m Dimensioni: L. 420 x P. 300 x H. 265 cm - Diametro del Palo: 93 x 74 mm - Stecche: 25 x 17 mm - Tela esagonale","breadcrumb":{"@id":"https:\/\/www.brichome.it\/prodotto\/ombrellone-elea-4-2x3-m\/#breadcrumb"},"inLanguage":"en-US","potentialAction":[{"@type":"ReadAction","target":["https:\/\/www.brichome.it\/prodotto\/ombrellone-elea-4-2x3-m\/"]}]},{"@type":"ImageObject","inLanguage":"en-US","@id":"https:\/\/www.brichome.it\/prodotto\/ombrellone-elea-4-2x3-m\/#primaryimage","url":"https:\/\/www.brichome.it\/wp-content\/uploads\/2024\/03\/Ombrellone-Elea-4.2x3-m.png","contentUrl":"https:\/\/www.brichome.it\/wp-content\/uploads\/2024\/03\/Ombrellone-Elea-4.2x3-m.png","width":1000,"height":1000,"caption":"Ombrellone Elea 4.2x3 m"},{"@type":"BreadcrumbList","@id":"https:\/\/www.brichome.it\/prodotto\/ombrellone-elea-4-2x3-m\/#breadcrumb","itemListElement":[{"@type":"ListItem","position":1,"name":"Home","item":"https:\/\/www.brichome.it\/"},{"@type":"ListItem","position":2,"name":"Catalogo Prodotti","item":"https:\/\/www.brichome.it\/shop\/"},{"@type":"ListItem","position":3,"name":"Arredamento da Esterni","item":"https:\/\/www.brichome.it\/categoria-prodotto\/arredamento-da-esterni\/"},{"@type":"ListItem","position":4,"name":"Ombrellone Elea 4.2&#215;3 m"}]},{"@type":"WebSite","@id":"https:\/\/www.brichome.it\/#website","url":"https:\/\/www.brichome.it\/","name":"Brichome.it","description":"the Center of the House","publisher":{"@id":"https:\/\/www.brichome.it\/#organization"},"potentialAction":[{"@type":"SearchAction","target":{"@type":"EntryPoint","urlTemplate":"https:\/\/www.brichome.it\/?s={search_term_string}"},"query-input":{"@type":"PropertyValueSpecification","valueRequired":true,"valueName":"search_term_string"}}],"inLanguage":"en-US"},{"@type":"Organization","@id":"https:\/\/www.brichome.it\/#organization","name":"Brichome","url":"https:\/\/www.brichome.it\/","logo":{"@type":"ImageObject","inLanguage":"en-US","@id":"https:\/\/www.brichome.it\/#\/schema\/logo\/image\/","url":"https:\/\/www.brichome.it\/wp-content\/uploads\/2017\/08\/logo.png","contentUrl":"https:\/\/www.brichome.it\/wp-content\/uploads\/2017\/08\/logo.png","width":324,"height":75,"caption":"Brichome"},"image":{"@id":"https:\/\/www.brichome.it\/#\/schema\/logo\/image\/"},"sameAs":["https:\/\/www.facebook.com\/brichome.it","https:\/\/x.com\/Brichome","https:\/\/www.pinterest.com\/brichome\/"]}]}},"brands":[{"id":6756,"name":"JJA","slug":"jja"}],"_links":{"self":[{"href":"https:\/\/www.brichome.it\/en\/wp-json\/wp\/v2\/product\/47258","targetHints":{"allow":["GET"]}}],"collection":[{"href":"https:\/\/www.brichome.it\/en\/wp-json\/wp\/v2\/product"}],"about":[{"href":"https:\/\/www.brichome.it\/en\/wp-json\/wp\/v2\/types\/product"}],"wp:featuredmedia":[{"embeddable":true,"href":"https:\/\/www.brichome.it\/en\/wp-json\/wp\/v2\/media\/47259"}],"wp:attachment":[{"href":"https:\/\/www.brichome.it\/en\/wp-json\/wp\/v2\/media?parent=47258"}],"wp:term":[{"taxonomy":"pwb-brand","embeddable":true,"href":"https:\/\/www.brichome.it\/en\/wp-json\/wp\/v2\/pwb-brand?post=47258"},{"taxonomy":"product_brand","embeddable":true,"href":"https:\/\/www.brichome.it\/en\/wp-json\/wp\/v2\/product_brand?post=47258"},{"taxonomy":"product_cat","embeddable":true,"href":"https:\/\/www.brichome.it\/en\/wp-json\/wp\/v2\/product_cat?post=47258"},{"taxonomy":"product_tag","embeddable":true,"href":"https:\/\/www.brichome.it\/en\/wp-json\/wp\/v2\/product_tag?post=47258"}],"curies":[{"name":"wp","href":"https:\/\/api.w.org\/{rel}","templated":true}]}}