{"id":47262,"date":"2024-03-12T10:19:59","date_gmt":"2024-03-12T09:19:59","guid":{"rendered":"https:\/\/www.brichome.it\/?post_type=product&#038;p=47262"},"modified":"2024-03-12T10:19:59","modified_gmt":"2024-03-12T09:19:59","slug":"ombrellone-elea-3x3-m-olifen","status":"publish","type":"product","link":"https:\/\/www.brichome.it\/en\/product\/ombrellone-elea-3x3-m-olifen\/","title":{"rendered":"Elea 3\u00d73 m Olifen umbrella"},"content":{"rendered":"<h3>Elea 3\u00d73 m Olifen umbrella<\/h3>\n<p><em>Features of the decentralized umbrella:<\/em> L&#039;<strong>Elea 3\u00d73 m Olifen umbrella<\/strong> It features a white aluminum structure and an anthracite colored olefin canvas. This color combination brings warmth and modernity to your outdoor area. The fabric, treated to be water-repellent and fade-resistant (grade 6), also offers anti-UV protection. With a crank opening system for easy installation, the off-centre umbrella can be rotated 360\u00b0 and has a chimney for better air circulation.<\/p>\n<p><em>Dimensions of the off-center umbrella:<\/em> The white\/anthracite Elea umbrella measures L.300 x D.300 x H.263 cm, with a 93\u00d774 mm pole. The lower arm is 50\u00d748 mm, while the upper arm is 55\u00d730 mm. It has 8 slats measuring 25\u00d717 mm and a cross base measuring 1\u00d71 m.<\/p>\n<p><em>Maintenance tips:<\/em> It is recommended to use a protective cover on the umbrella. The canvas can be cleaned with soapy water.<\/p>\n<p><em>Product Details:<\/em><\/p>\n<ul>\n<li>Length: 300cm<\/li>\n<li>Depth: 300 cm<\/li>\n<li>Height: 263 cm<\/li>\n<li>Product structure: Aluminum<\/li>\n<li>Material: Olefin Canvas<\/li>\n<li>Color: White structure \/ Anthracite canvas<\/li>\n<li>Product warranty: 2 years<\/li>\n<li>Collection: Elea<\/li>\n<li>Product weight: 25.80 kg<\/li>\n<li>Product dimensions: 8 ribs 25\u00d717 mm, Lower arm: 50\u00d748 mm, Upper arm: 55\u00d730 mm, Cross base size: 1\u00d71 m, Pole: 93\u00d774 mm<\/li>\n<\/ul>\n<h3><strong>The guarantee of Brichome products<\/strong><\/h3>\n<p>Brichome has been at the service of those looking for quality products at the right price for years. A point of sale for professionals in the DIY world, with the aim of standing out for the breadth of the range offered in the <strong>more technical sectors.<\/strong><br \/>\nA great offer of <strong>household items<\/strong> aimed at individuals and structures such as bars and restaurants. <strong>Outdoor furniture<\/strong>, <strong>pools<\/strong>, <strong>barbecue<\/strong>, all for the <strong>gardening<\/strong>, <strong>heating<\/strong>, <strong>lighting<\/strong> And <strong>housewives<\/strong> now they have spaces that allow for a wide choice.<br \/>\nThe gardening department is full of solutions to make your homes usable in all respects, even for those who do not have large spaces. The heating sector integrates the &quot;green&quot; spirit of the company, presenting <strong>renewable fuels<\/strong> from the innumerable solutions, such as the <strong>wood<\/strong> and the <strong>pellets<\/strong>; And <strong>stoves<\/strong> And <strong>boilers<\/strong> of the most prestigious brands, available in all price ranges.<\/p>\n<p>Follow us on Facebook to stay up to date on our news and our promotions, <a href=\"https:\/\/www.facebook.com\/brichome.it\">Click here<\/a>!<\/p>","protected":false},"excerpt":{"rendered":"<p>Off-centre umbrella<\/p>\n<p>Characteristics:<\/p>\n<ul>\n<li>Length: 300cm<\/li>\n<li>Depth: 300 cm<\/li>\n<li>Height: 263 cm<\/li>\n<li>Aluminum structure<\/li>\n<li>Olefin cloth<\/li>\n<li>2 year warranty<\/li>\n<li>Weight 25.80 kg<\/li>\n<\/ul>","protected":false},"featured_media":47263,"template":"","meta":[],"pwb-brand":[6756],"product_brand":[],"product_cat":[167,240,243],"product_tag":[],"class_list":{"0":"post-47262","1":"product","2":"type-product","3":"status-publish","4":"has-post-thumbnail","6":"pwb-brand-jja","7":"product_cat-arredamento-da-esterni","8":"product_cat-gazebo-ombrelloni-tende","9":"product_cat-ombrelloni","10":"product_shipping_class-fascia-3","12":"first","13":"instock","14":"shipping-taxable","15":"purchasable","16":"product-type-simple"},"yoast_head":"<!-- This site is optimized with the Yoast SEO plugin v27.4 - https:\/\/yoast.com\/product\/yoast-seo-wordpress\/ -->\n<title>Ombrellone Elea 3x3 m Olifen :<\/title>\n<meta name=\"description\" content=\"Brichome.it - Ombrellone Elea 3x3 m Olifen Lunghezza: 300 cm - Profondit\u00e0: 300 cm - Altezza: 263 cm - Struttura del prodotto: Alluminio\" \/>\n<meta name=\"robots\" content=\"index, follow, max-snippet:-1, max-image-preview:large, max-video-preview:-1\" \/>\n<link rel=\"canonical\" href=\"https:\/\/www.brichome.it\/en\/product\/ombrellone-elea-3x3-m-olifen\/\" \/>\n<meta property=\"og:locale\" content=\"en_US\" \/>\n<meta property=\"og:type\" content=\"article\" \/>\n<meta property=\"og:title\" content=\"Ombrellone Elea 3x3 m Olifen :\" \/>\n<meta property=\"og:description\" content=\"Brichome.it - Ombrellone Elea 3x3 m Olifen Lunghezza: 300 cm - Profondit\u00e0: 300 cm - Altezza: 263 cm - Struttura del prodotto: Alluminio\" \/>\n<meta property=\"og:url\" content=\"https:\/\/www.brichome.it\/en\/product\/ombrellone-elea-3x3-m-olifen\/\" \/>\n<meta property=\"og:site_name\" content=\"Brichome.it\" \/>\n<meta property=\"article:publisher\" content=\"https:\/\/www.facebook.com\/brichome.it\" \/>\n<meta property=\"og:image\" content=\"https:\/\/www.brichome.it\/wp-content\/uploads\/2024\/03\/ombrellone-elea-3x3-m-olifen.jpg\" \/>\n\t<meta property=\"og:image:width\" content=\"1000\" \/>\n\t<meta property=\"og:image:height\" content=\"1000\" \/>\n\t<meta property=\"og:image:type\" content=\"image\/jpeg\" \/>\n<meta name=\"twitter:card\" content=\"summary_large_image\" \/>\n<meta name=\"twitter:site\" content=\"@Brichome\" \/>\n<meta name=\"twitter:label1\" content=\"Est. reading time\" \/>\n\t<meta name=\"twitter:data1\" content=\"3 minutes\" \/>\n<script type=\"application\/ld+json\" class=\"yoast-schema-graph\">{\"@context\":\"https:\\\/\\\/schema.org\",\"@graph\":[{\"@type\":\"WebPage\",\"@id\":\"https:\\\/\\\/www.brichome.it\\\/prodotto\\\/ombrellone-elea-3x3-m-olifen\\\/\",\"url\":\"https:\\\/\\\/www.brichome.it\\\/prodotto\\\/ombrellone-elea-3x3-m-olifen\\\/\",\"name\":\"Ombrellone Elea 3x3 m Olifen :\",\"isPartOf\":{\"@id\":\"https:\\\/\\\/www.brichome.it\\\/#website\"},\"primaryImageOfPage\":{\"@id\":\"https:\\\/\\\/www.brichome.it\\\/prodotto\\\/ombrellone-elea-3x3-m-olifen\\\/#primaryimage\"},\"image\":{\"@id\":\"https:\\\/\\\/www.brichome.it\\\/prodotto\\\/ombrellone-elea-3x3-m-olifen\\\/#primaryimage\"},\"thumbnailUrl\":\"https:\\\/\\\/www.brichome.it\\\/wp-content\\\/uploads\\\/2024\\\/03\\\/ombrellone-elea-3x3-m-olifen.jpg\",\"datePublished\":\"2024-03-12T09:19:59+00:00\",\"description\":\"Brichome.it - Ombrellone Elea 3x3 m Olifen Lunghezza: 300 cm - Profondit\u00e0: 300 cm - Altezza: 263 cm - Struttura del prodotto: Alluminio\",\"breadcrumb\":{\"@id\":\"https:\\\/\\\/www.brichome.it\\\/prodotto\\\/ombrellone-elea-3x3-m-olifen\\\/#breadcrumb\"},\"inLanguage\":\"en-US\",\"potentialAction\":[{\"@type\":\"ReadAction\",\"target\":[\"https:\\\/\\\/www.brichome.it\\\/prodotto\\\/ombrellone-elea-3x3-m-olifen\\\/\"]}]},{\"@type\":\"ImageObject\",\"inLanguage\":\"en-US\",\"@id\":\"https:\\\/\\\/www.brichome.it\\\/prodotto\\\/ombrellone-elea-3x3-m-olifen\\\/#primaryimage\",\"url\":\"https:\\\/\\\/www.brichome.it\\\/wp-content\\\/uploads\\\/2024\\\/03\\\/ombrellone-elea-3x3-m-olifen.jpg\",\"contentUrl\":\"https:\\\/\\\/www.brichome.it\\\/wp-content\\\/uploads\\\/2024\\\/03\\\/ombrellone-elea-3x3-m-olifen.jpg\",\"width\":1000,\"height\":1000,\"caption\":\"ombrellone-elea-3x3-m-olifen\"},{\"@type\":\"BreadcrumbList\",\"@id\":\"https:\\\/\\\/www.brichome.it\\\/prodotto\\\/ombrellone-elea-3x3-m-olifen\\\/#breadcrumb\",\"itemListElement\":[{\"@type\":\"ListItem\",\"position\":1,\"name\":\"Home\",\"item\":\"https:\\\/\\\/www.brichome.it\\\/\"},{\"@type\":\"ListItem\",\"position\":2,\"name\":\"Catalogo Prodotti\",\"item\":\"https:\\\/\\\/www.brichome.it\\\/shop\\\/\"},{\"@type\":\"ListItem\",\"position\":3,\"name\":\"Arredamento da Esterni\",\"item\":\"https:\\\/\\\/www.brichome.it\\\/categoria-prodotto\\\/arredamento-da-esterni\\\/\"},{\"@type\":\"ListItem\",\"position\":4,\"name\":\"Ombrellone Elea 3&#215;3 m Olifen\"}]},{\"@type\":\"WebSite\",\"@id\":\"https:\\\/\\\/www.brichome.it\\\/#website\",\"url\":\"https:\\\/\\\/www.brichome.it\\\/\",\"name\":\"Brichome.it\",\"description\":\"il Centro della Casa\",\"publisher\":{\"@id\":\"https:\\\/\\\/www.brichome.it\\\/#organization\"},\"potentialAction\":[{\"@type\":\"SearchAction\",\"target\":{\"@type\":\"EntryPoint\",\"urlTemplate\":\"https:\\\/\\\/www.brichome.it\\\/?s={search_term_string}\"},\"query-input\":{\"@type\":\"PropertyValueSpecification\",\"valueRequired\":true,\"valueName\":\"search_term_string\"}}],\"inLanguage\":\"en-US\"},{\"@type\":\"Organization\",\"@id\":\"https:\\\/\\\/www.brichome.it\\\/#organization\",\"name\":\"Brichome\",\"url\":\"https:\\\/\\\/www.brichome.it\\\/\",\"logo\":{\"@type\":\"ImageObject\",\"inLanguage\":\"en-US\",\"@id\":\"https:\\\/\\\/www.brichome.it\\\/#\\\/schema\\\/logo\\\/image\\\/\",\"url\":\"https:\\\/\\\/www.brichome.it\\\/wp-content\\\/uploads\\\/2017\\\/08\\\/logo.png\",\"contentUrl\":\"https:\\\/\\\/www.brichome.it\\\/wp-content\\\/uploads\\\/2017\\\/08\\\/logo.png\",\"width\":324,\"height\":75,\"caption\":\"Brichome\"},\"image\":{\"@id\":\"https:\\\/\\\/www.brichome.it\\\/#\\\/schema\\\/logo\\\/image\\\/\"},\"sameAs\":[\"https:\\\/\\\/www.facebook.com\\\/brichome.it\",\"https:\\\/\\\/x.com\\\/Brichome\",\"https:\\\/\\\/www.pinterest.com\\\/brichome\\\/\"]}]}<\/script>\n<!-- \/ Yoast SEO plugin. -->","yoast_head_json":{"title":"Ombrellone Elea 3x3 m Olifen :","description":"Brichome.it - Ombrellone Elea 3x3 m Olifen Lunghezza: 300 cm - Profondit\u00e0: 300 cm - Altezza: 263 cm - Struttura del prodotto: Alluminio","robots":{"index":"index","follow":"follow","max-snippet":"max-snippet:-1","max-image-preview":"max-image-preview:large","max-video-preview":"max-video-preview:-1"},"canonical":"https:\/\/www.brichome.it\/en\/product\/ombrellone-elea-3x3-m-olifen\/","og_locale":"en_US","og_type":"article","og_title":"Ombrellone Elea 3x3 m Olifen :","og_description":"Brichome.it - Ombrellone Elea 3x3 m Olifen Lunghezza: 300 cm - Profondit\u00e0: 300 cm - Altezza: 263 cm - Struttura del prodotto: Alluminio","og_url":"https:\/\/www.brichome.it\/en\/product\/ombrellone-elea-3x3-m-olifen\/","og_site_name":"Brichome.it","article_publisher":"https:\/\/www.facebook.com\/brichome.it","og_image":[{"width":1000,"height":1000,"url":"https:\/\/www.brichome.it\/wp-content\/uploads\/2024\/03\/ombrellone-elea-3x3-m-olifen.jpg","type":"image\/jpeg"}],"twitter_card":"summary_large_image","twitter_site":"@Brichome","twitter_misc":{"Est. reading time":"3 minutes"},"schema":{"@context":"https:\/\/schema.org","@graph":[{"@type":"WebPage","@id":"https:\/\/www.brichome.it\/prodotto\/ombrellone-elea-3x3-m-olifen\/","url":"https:\/\/www.brichome.it\/prodotto\/ombrellone-elea-3x3-m-olifen\/","name":"Ombrellone Elea 3x3 m Olifen :","isPartOf":{"@id":"https:\/\/www.brichome.it\/#website"},"primaryImageOfPage":{"@id":"https:\/\/www.brichome.it\/prodotto\/ombrellone-elea-3x3-m-olifen\/#primaryimage"},"image":{"@id":"https:\/\/www.brichome.it\/prodotto\/ombrellone-elea-3x3-m-olifen\/#primaryimage"},"thumbnailUrl":"https:\/\/www.brichome.it\/wp-content\/uploads\/2024\/03\/ombrellone-elea-3x3-m-olifen.jpg","datePublished":"2024-03-12T09:19:59+00:00","description":"Brichome.it - Ombrellone Elea 3x3 m Olifen Lunghezza: 300 cm - Profondit\u00e0: 300 cm - Altezza: 263 cm - Struttura del prodotto: Alluminio","breadcrumb":{"@id":"https:\/\/www.brichome.it\/prodotto\/ombrellone-elea-3x3-m-olifen\/#breadcrumb"},"inLanguage":"en-US","potentialAction":[{"@type":"ReadAction","target":["https:\/\/www.brichome.it\/prodotto\/ombrellone-elea-3x3-m-olifen\/"]}]},{"@type":"ImageObject","inLanguage":"en-US","@id":"https:\/\/www.brichome.it\/prodotto\/ombrellone-elea-3x3-m-olifen\/#primaryimage","url":"https:\/\/www.brichome.it\/wp-content\/uploads\/2024\/03\/ombrellone-elea-3x3-m-olifen.jpg","contentUrl":"https:\/\/www.brichome.it\/wp-content\/uploads\/2024\/03\/ombrellone-elea-3x3-m-olifen.jpg","width":1000,"height":1000,"caption":"ombrellone-elea-3x3-m-olifen"},{"@type":"BreadcrumbList","@id":"https:\/\/www.brichome.it\/prodotto\/ombrellone-elea-3x3-m-olifen\/#breadcrumb","itemListElement":[{"@type":"ListItem","position":1,"name":"Home","item":"https:\/\/www.brichome.it\/"},{"@type":"ListItem","position":2,"name":"Catalogo Prodotti","item":"https:\/\/www.brichome.it\/shop\/"},{"@type":"ListItem","position":3,"name":"Arredamento da Esterni","item":"https:\/\/www.brichome.it\/categoria-prodotto\/arredamento-da-esterni\/"},{"@type":"ListItem","position":4,"name":"Ombrellone Elea 3&#215;3 m Olifen"}]},{"@type":"WebSite","@id":"https:\/\/www.brichome.it\/#website","url":"https:\/\/www.brichome.it\/","name":"Brichome.it","description":"the Center of the House","publisher":{"@id":"https:\/\/www.brichome.it\/#organization"},"potentialAction":[{"@type":"SearchAction","target":{"@type":"EntryPoint","urlTemplate":"https:\/\/www.brichome.it\/?s={search_term_string}"},"query-input":{"@type":"PropertyValueSpecification","valueRequired":true,"valueName":"search_term_string"}}],"inLanguage":"en-US"},{"@type":"Organization","@id":"https:\/\/www.brichome.it\/#organization","name":"Brichome","url":"https:\/\/www.brichome.it\/","logo":{"@type":"ImageObject","inLanguage":"en-US","@id":"https:\/\/www.brichome.it\/#\/schema\/logo\/image\/","url":"https:\/\/www.brichome.it\/wp-content\/uploads\/2017\/08\/logo.png","contentUrl":"https:\/\/www.brichome.it\/wp-content\/uploads\/2017\/08\/logo.png","width":324,"height":75,"caption":"Brichome"},"image":{"@id":"https:\/\/www.brichome.it\/#\/schema\/logo\/image\/"},"sameAs":["https:\/\/www.facebook.com\/brichome.it","https:\/\/x.com\/Brichome","https:\/\/www.pinterest.com\/brichome\/"]}]}},"brands":[{"id":6756,"name":"JJA","slug":"jja"}],"_links":{"self":[{"href":"https:\/\/www.brichome.it\/en\/wp-json\/wp\/v2\/product\/47262","targetHints":{"allow":["GET"]}}],"collection":[{"href":"https:\/\/www.brichome.it\/en\/wp-json\/wp\/v2\/product"}],"about":[{"href":"https:\/\/www.brichome.it\/en\/wp-json\/wp\/v2\/types\/product"}],"wp:featuredmedia":[{"embeddable":true,"href":"https:\/\/www.brichome.it\/en\/wp-json\/wp\/v2\/media\/47263"}],"wp:attachment":[{"href":"https:\/\/www.brichome.it\/en\/wp-json\/wp\/v2\/media?parent=47262"}],"wp:term":[{"taxonomy":"pwb-brand","embeddable":true,"href":"https:\/\/www.brichome.it\/en\/wp-json\/wp\/v2\/pwb-brand?post=47262"},{"taxonomy":"product_brand","embeddable":true,"href":"https:\/\/www.brichome.it\/en\/wp-json\/wp\/v2\/product_brand?post=47262"},{"taxonomy":"product_cat","embeddable":true,"href":"https:\/\/www.brichome.it\/en\/wp-json\/wp\/v2\/product_cat?post=47262"},{"taxonomy":"product_tag","embeddable":true,"href":"https:\/\/www.brichome.it\/en\/wp-json\/wp\/v2\/product_tag?post=47262"}],"curies":[{"name":"wp","href":"https:\/\/api.w.org\/{rel}","templated":true}]}}