{"id":51431,"date":"2025-02-19T18:03:33","date_gmt":"2025-02-19T17:03:33","guid":{"rendered":"https:\/\/www.brichome.it\/?post_type=product&#038;p=51431"},"modified":"2025-08-04T08:06:21","modified_gmt":"2025-08-04T07:06:21","slug":"ombrellone-2-3-metri-d106","status":"publish","type":"product","link":"https:\/\/www.brichome.it\/en\/product\/ombrellone-2-3-metri-d106\/","title":{"rendered":"Umbrella 2.3 Meters D106"},"content":{"rendered":"<h3>Ombrellone 2.3 Metri D106<\/h3>\n<p><strong>Ombrellone 2.3 Metri D106, con Palo in Acciaio e Telo in Poliestere<\/strong><\/p>\n<div class=\"flex max-w-full flex-col flex-grow\">\n<div class=\"min-h-8 text-message flex w-full flex-col items-end gap-2 whitespace-normal break-words text-start [.text-message+&amp;]:mt-5\" dir=\"auto\" data-message-author-role=\"assistant\" data-message-id=\"b3808d64-c38f-4818-9a11-e726b237d173\" data-message-model-slug=\"gpt-4o\">\n<div class=\"flex w-full flex-col gap-1 empty:hidden first:pt-[3px]\">\n<div class=\"markdown prose w-full break-words dark:prose-invert dark\">\n<p data-start=\"76\" data-end=\"550\">Proteggi il tuo spazio esterno dal sole con l\u2019ombrellone da giardino \u00d82,3M, ideale per terrazze, balconi e aree relax all\u2019aperto. La struttura robusta con palo centrale in acciaio da \u00d832\u00d70,8mm e 6 stecche ovali (8\u00d716\u00d70,5mm) garantisce resistenza e stabilit\u00e0. Il telo in poliestere 160g, colore grigio scuro, assicura un&#8217;ottima protezione solare e un design elegante. Grazie alla pratica manovella, l\u2019apertura \u00e8 semplice e veloce. Perfetto per ambienti moderni e raffinati.<\/p>\n<h3 data-start=\"552\" data-end=\"587\"><strong data-start=\"556\" data-end=\"585\">Caratteristiche Tecniche:<\/strong><\/h3>\n<ul>\n<li data-start=\"588\" data-end=\"943\"><strong data-start=\"590\" data-end=\"605\">Dimensioni:<\/strong> \u00d82,3M, altezza 245 cm<\/li>\n<li data-start=\"588\" data-end=\"943\"><strong data-start=\"632\" data-end=\"646\">Struttura:<\/strong> Palo centrale in acciaio \u00d832\u00d70,8mm<\/li>\n<li data-start=\"588\" data-end=\"943\"><strong data-start=\"686\" data-end=\"698\">Stecche:<\/strong> 6 in acciaio, forma ovale (8\u00d716\u00d70,5mm)<\/li>\n<li data-start=\"588\" data-end=\"943\"><strong data-start=\"742\" data-end=\"764\">Telo di copertura:<\/strong> Poliestere 160g, senza mantovana, colore grigio scuro<\/li>\n<li data-start=\"588\" data-end=\"943\"><strong data-start=\"823\" data-end=\"836\">Apertura:<\/strong> Sistema con manovella per un utilizzo pratico<\/li>\n<li data-start=\"588\" data-end=\"943\"><strong data-start=\"887\" data-end=\"904\">Funzionalit\u00e0:<\/strong> Senza inclinazione, base non inclusa<\/li>\n<\/ul>\n<p data-start=\"945\" data-end=\"1045\" data-is-last-node=\"\"><strong data-start=\"948\" data-end=\"1045\" data-is-last-node=\"\">Perfetto per creare un&#8217;area d&#8217;ombra in giardino, terrazzo o balcone con stile e funzionalit\u00e0.<\/strong><\/p>\n<\/div>\n<\/div>\n<\/div>\n<\/div>\n<div class=\"mb-2 flex gap-3 empty:hidden -ml-2\">\n<div class=\"items-center justify-start rounded-xl p-1 z-10 -mt-1 bg-token-main-surface-primary screen-arch:mt-1 md:absolute flex\">\n<div class=\"flex items-center\">\n<h3><strong>L<\/strong><strong>a garanzia dei prodotti Brichome<\/strong><\/h3>\n<p>Brichome da anni \u00e8 al servizio di chi cerca prodotti di qualit\u00e0 al giusto prezzo. Un punto vendita di professionisti nel mondo del fai da te, con l\u2019obiettivo di distinguersi per l\u2019ampiezza di gamma offerta nei <strong>settori pi\u00f9 tecnici.<\/strong><br \/>\nUna grande offerta di <strong>articoli per la casa<\/strong> rivolti a privati e strutture come bar e ristoranti. <strong>Arredamento per esterni<\/strong>, <strong>piscine<\/strong>, <strong>barbecue<\/strong>, tutto per il <strong>giardinaggio<\/strong>, <strong>riscaldamento<\/strong>, <strong>illuminazione<\/strong> e <strong>casalinghi<\/strong> ora hanno spazi che permettono una vasta scelta.<br \/>\nIl reparto dedicato al giardinaggio \u00e8 ricco di soluzioni per rendere le proprie case sfruttabili in tutto e per tutto, anche per chi non dispone di ampi spazi. Il settore del riscaldamento integra lo spirito \u201cgreen\u201d dell\u2019azienda, presentando <strong>combustibili rinnovabili<\/strong> dalle innumerevoli soluzioni, come la <strong>legna<\/strong> e il <strong>pellet<\/strong>; e <strong>stufe<\/strong> e <strong>caldaie<\/strong> delle marche pi\u00f9 prestigiose, disponibili in tutte le fasce di prezzo.<\/p>\n<p>Seguici su Facebook per rimanere sempre aggiornato sulle nostre novit\u00e0 e le nostre promozioni, <a href=\"https:\/\/www.facebook.com\/brichome.it\">clicca qui<\/a>!<\/p>\n<\/div>\n<\/div>\n<\/div>\n<p><strong>\u00a0<\/strong><\/p>\n","protected":false},"excerpt":{"rendered":"<p>Central pole umbrella<\/p>\n<p>Characteristics:<\/p>\n<ul>\n<li data-start=\"588\" data-end=\"943\">Diameter 2.3 meters<\/li>\n<li data-start=\"588\" data-end=\"943\">Height 245 cm<\/li>\n<li data-start=\"588\" data-end=\"943\">Pole dimensions \u00d8 32\u00d70.8mm<\/li>\n<li data-start=\"588\" data-end=\"943\">6-slat structure<\/li>\n<li data-start=\"588\" data-end=\"943\">160g polyester cover<\/li>\n<li data-start=\"588\" data-end=\"943\">Crank opening<\/li>\n<li data-start=\"588\" data-end=\"943\"><strong data-start=\"887\" data-end=\"904\">Functionality:<\/strong> Without tilt, base not included<\/li>\n<\/ul>","protected":false},"featured_media":51438,"template":"","meta":[],"pwb-brand":[6880],"product_brand":[],"product_cat":[167,240,243],"product_tag":[],"class_list":{"0":"post-51431","1":"product","2":"type-product","3":"status-publish","4":"has-post-thumbnail","6":"pwb-brand-qinda","7":"product_cat-arredamento-da-esterni","8":"product_cat-gazebo-ombrelloni-tende","9":"product_cat-ombrelloni","10":"product_shipping_class-fascia-2","12":"first","13":"instock","14":"shipping-taxable","15":"purchasable","16":"product-type-simple"},"yoast_head":"<!-- This site is optimized with the Yoast SEO plugin v27.4 - https:\/\/yoast.com\/product\/yoast-seo-wordpress\/ -->\n<title>Ombrellone 2.3 Metri D106 :<\/title>\n<meta name=\"description\" content=\"Brichome.it - Ombrellone 2.3 Metri D106 con palo in acciaio, telo in poliestere 160g grigio scuro, 6 stecche, apertura a manovella, senza base.\" \/>\n<meta name=\"robots\" content=\"index, follow, max-snippet:-1, max-image-preview:large, max-video-preview:-1\" \/>\n<link rel=\"canonical\" href=\"https:\/\/www.brichome.it\/en\/product\/ombrellone-2-3-metri-d106\/\" \/>\n<meta property=\"og:locale\" content=\"en_US\" \/>\n<meta property=\"og:type\" content=\"article\" \/>\n<meta property=\"og:title\" content=\"Ombrellone 2.3 Metri D106 :\" \/>\n<meta property=\"og:description\" content=\"Brichome.it - Ombrellone 2.3 Metri D106 con palo in acciaio, telo in poliestere 160g grigio scuro, 6 stecche, apertura a manovella, senza base.\" \/>\n<meta property=\"og:url\" content=\"https:\/\/www.brichome.it\/en\/product\/ombrellone-2-3-metri-d106\/\" \/>\n<meta property=\"og:site_name\" content=\"Brichome.it\" \/>\n<meta property=\"article:publisher\" content=\"https:\/\/www.facebook.com\/brichome.it\" \/>\n<meta property=\"article:modified_time\" content=\"2025-08-04T07:06:21+00:00\" \/>\n<meta property=\"og:image\" content=\"https:\/\/www.brichome.it\/wp-content\/uploads\/2025\/02\/ombrellone-2-3-metri-d106.jpg\" \/>\n\t<meta property=\"og:image:width\" content=\"1000\" \/>\n\t<meta property=\"og:image:height\" content=\"1000\" \/>\n\t<meta property=\"og:image:type\" content=\"image\/jpeg\" \/>\n<meta name=\"twitter:card\" content=\"summary_large_image\" \/>\n<meta name=\"twitter:site\" content=\"@Brichome\" \/>\n<meta name=\"twitter:label1\" content=\"Est. reading time\" \/>\n\t<meta name=\"twitter:data1\" content=\"2 minutes\" \/>\n<script type=\"application\/ld+json\" class=\"yoast-schema-graph\">{\"@context\":\"https:\\\/\\\/schema.org\",\"@graph\":[{\"@type\":\"WebPage\",\"@id\":\"https:\\\/\\\/www.brichome.it\\\/prodotto\\\/ombrellone-2-3-metri-d106\\\/\",\"url\":\"https:\\\/\\\/www.brichome.it\\\/prodotto\\\/ombrellone-2-3-metri-d106\\\/\",\"name\":\"Ombrellone 2.3 Metri D106 :\",\"isPartOf\":{\"@id\":\"https:\\\/\\\/www.brichome.it\\\/#website\"},\"primaryImageOfPage\":{\"@id\":\"https:\\\/\\\/www.brichome.it\\\/prodotto\\\/ombrellone-2-3-metri-d106\\\/#primaryimage\"},\"image\":{\"@id\":\"https:\\\/\\\/www.brichome.it\\\/prodotto\\\/ombrellone-2-3-metri-d106\\\/#primaryimage\"},\"thumbnailUrl\":\"https:\\\/\\\/www.brichome.it\\\/wp-content\\\/uploads\\\/2025\\\/02\\\/ombrellone-2-3-metri-d106.jpg\",\"datePublished\":\"2025-02-19T17:03:33+00:00\",\"dateModified\":\"2025-08-04T07:06:21+00:00\",\"description\":\"Brichome.it - Ombrellone 2.3 Metri D106 con palo in acciaio, telo in poliestere 160g grigio scuro, 6 stecche, apertura a manovella, senza base.\",\"breadcrumb\":{\"@id\":\"https:\\\/\\\/www.brichome.it\\\/prodotto\\\/ombrellone-2-3-metri-d106\\\/#breadcrumb\"},\"inLanguage\":\"en-US\",\"potentialAction\":[{\"@type\":\"ReadAction\",\"target\":[\"https:\\\/\\\/www.brichome.it\\\/prodotto\\\/ombrellone-2-3-metri-d106\\\/\"]}]},{\"@type\":\"ImageObject\",\"inLanguage\":\"en-US\",\"@id\":\"https:\\\/\\\/www.brichome.it\\\/prodotto\\\/ombrellone-2-3-metri-d106\\\/#primaryimage\",\"url\":\"https:\\\/\\\/www.brichome.it\\\/wp-content\\\/uploads\\\/2025\\\/02\\\/ombrellone-2-3-metri-d106.jpg\",\"contentUrl\":\"https:\\\/\\\/www.brichome.it\\\/wp-content\\\/uploads\\\/2025\\\/02\\\/ombrellone-2-3-metri-d106.jpg\",\"width\":1000,\"height\":1000,\"caption\":\"ombrellone-2-3-metri-d106\"},{\"@type\":\"BreadcrumbList\",\"@id\":\"https:\\\/\\\/www.brichome.it\\\/prodotto\\\/ombrellone-2-3-metri-d106\\\/#breadcrumb\",\"itemListElement\":[{\"@type\":\"ListItem\",\"position\":1,\"name\":\"Home\",\"item\":\"https:\\\/\\\/www.brichome.it\\\/\"},{\"@type\":\"ListItem\",\"position\":2,\"name\":\"Catalogo Prodotti\",\"item\":\"https:\\\/\\\/www.brichome.it\\\/shop\\\/\"},{\"@type\":\"ListItem\",\"position\":3,\"name\":\"Arredamento da Esterni\",\"item\":\"https:\\\/\\\/www.brichome.it\\\/categoria-prodotto\\\/arredamento-da-esterni\\\/\"},{\"@type\":\"ListItem\",\"position\":4,\"name\":\"Ombrellone 2.3 Metri D106\"}]},{\"@type\":\"WebSite\",\"@id\":\"https:\\\/\\\/www.brichome.it\\\/#website\",\"url\":\"https:\\\/\\\/www.brichome.it\\\/\",\"name\":\"Brichome.it\",\"description\":\"il Centro della Casa\",\"publisher\":{\"@id\":\"https:\\\/\\\/www.brichome.it\\\/#organization\"},\"potentialAction\":[{\"@type\":\"SearchAction\",\"target\":{\"@type\":\"EntryPoint\",\"urlTemplate\":\"https:\\\/\\\/www.brichome.it\\\/?s={search_term_string}\"},\"query-input\":{\"@type\":\"PropertyValueSpecification\",\"valueRequired\":true,\"valueName\":\"search_term_string\"}}],\"inLanguage\":\"en-US\"},{\"@type\":\"Organization\",\"@id\":\"https:\\\/\\\/www.brichome.it\\\/#organization\",\"name\":\"Brichome\",\"url\":\"https:\\\/\\\/www.brichome.it\\\/\",\"logo\":{\"@type\":\"ImageObject\",\"inLanguage\":\"en-US\",\"@id\":\"https:\\\/\\\/www.brichome.it\\\/#\\\/schema\\\/logo\\\/image\\\/\",\"url\":\"https:\\\/\\\/www.brichome.it\\\/wp-content\\\/uploads\\\/2017\\\/08\\\/logo.png\",\"contentUrl\":\"https:\\\/\\\/www.brichome.it\\\/wp-content\\\/uploads\\\/2017\\\/08\\\/logo.png\",\"width\":324,\"height\":75,\"caption\":\"Brichome\"},\"image\":{\"@id\":\"https:\\\/\\\/www.brichome.it\\\/#\\\/schema\\\/logo\\\/image\\\/\"},\"sameAs\":[\"https:\\\/\\\/www.facebook.com\\\/brichome.it\",\"https:\\\/\\\/x.com\\\/Brichome\",\"https:\\\/\\\/www.pinterest.com\\\/brichome\\\/\"]}]}<\/script>\n<!-- \/ Yoast SEO plugin. -->","yoast_head_json":{"title":"2.3 Meter D106 Umbrella:","description":"Brichome.it - 2.3 meter D106 umbrella with steel pole, 160g dark grey polyester canopy, 6 ribs, crank opening, without base.","robots":{"index":"index","follow":"follow","max-snippet":"max-snippet:-1","max-image-preview":"max-image-preview:large","max-video-preview":"max-video-preview:-1"},"canonical":"https:\/\/www.brichome.it\/en\/product\/ombrellone-2-3-metri-d106\/","og_locale":"en_US","og_type":"article","og_title":"Ombrellone 2.3 Metri D106 :","og_description":"Brichome.it - Ombrellone 2.3 Metri D106 con palo in acciaio, telo in poliestere 160g grigio scuro, 6 stecche, apertura a manovella, senza base.","og_url":"https:\/\/www.brichome.it\/en\/product\/ombrellone-2-3-metri-d106\/","og_site_name":"Brichome.it","article_publisher":"https:\/\/www.facebook.com\/brichome.it","article_modified_time":"2025-08-04T07:06:21+00:00","og_image":[{"width":1000,"height":1000,"url":"https:\/\/www.brichome.it\/wp-content\/uploads\/2025\/02\/ombrellone-2-3-metri-d106.jpg","type":"image\/jpeg"}],"twitter_card":"summary_large_image","twitter_site":"@Brichome","twitter_misc":{"Est. reading time":"2 minutes"},"schema":{"@context":"https:\/\/schema.org","@graph":[{"@type":"WebPage","@id":"https:\/\/www.brichome.it\/prodotto\/ombrellone-2-3-metri-d106\/","url":"https:\/\/www.brichome.it\/prodotto\/ombrellone-2-3-metri-d106\/","name":"2.3 Meter D106 Umbrella:","isPartOf":{"@id":"https:\/\/www.brichome.it\/#website"},"primaryImageOfPage":{"@id":"https:\/\/www.brichome.it\/prodotto\/ombrellone-2-3-metri-d106\/#primaryimage"},"image":{"@id":"https:\/\/www.brichome.it\/prodotto\/ombrellone-2-3-metri-d106\/#primaryimage"},"thumbnailUrl":"https:\/\/www.brichome.it\/wp-content\/uploads\/2025\/02\/ombrellone-2-3-metri-d106.jpg","datePublished":"2025-02-19T17:03:33+00:00","dateModified":"2025-08-04T07:06:21+00:00","description":"Brichome.it - 2.3 meter D106 umbrella with steel pole, 160g dark grey polyester canopy, 6 ribs, crank opening, without base.","breadcrumb":{"@id":"https:\/\/www.brichome.it\/prodotto\/ombrellone-2-3-metri-d106\/#breadcrumb"},"inLanguage":"en-US","potentialAction":[{"@type":"ReadAction","target":["https:\/\/www.brichome.it\/prodotto\/ombrellone-2-3-metri-d106\/"]}]},{"@type":"ImageObject","inLanguage":"en-US","@id":"https:\/\/www.brichome.it\/prodotto\/ombrellone-2-3-metri-d106\/#primaryimage","url":"https:\/\/www.brichome.it\/wp-content\/uploads\/2025\/02\/ombrellone-2-3-metri-d106.jpg","contentUrl":"https:\/\/www.brichome.it\/wp-content\/uploads\/2025\/02\/ombrellone-2-3-metri-d106.jpg","width":1000,"height":1000,"caption":"ombrellone-2-3-metri-d106"},{"@type":"BreadcrumbList","@id":"https:\/\/www.brichome.it\/prodotto\/ombrellone-2-3-metri-d106\/#breadcrumb","itemListElement":[{"@type":"ListItem","position":1,"name":"Home","item":"https:\/\/www.brichome.it\/"},{"@type":"ListItem","position":2,"name":"Catalogo Prodotti","item":"https:\/\/www.brichome.it\/shop\/"},{"@type":"ListItem","position":3,"name":"Arredamento da Esterni","item":"https:\/\/www.brichome.it\/categoria-prodotto\/arredamento-da-esterni\/"},{"@type":"ListItem","position":4,"name":"Ombrellone 2.3 Metri D106"}]},{"@type":"WebSite","@id":"https:\/\/www.brichome.it\/#website","url":"https:\/\/www.brichome.it\/","name":"Brichome.it","description":"the Center of the House","publisher":{"@id":"https:\/\/www.brichome.it\/#organization"},"potentialAction":[{"@type":"SearchAction","target":{"@type":"EntryPoint","urlTemplate":"https:\/\/www.brichome.it\/?s={search_term_string}"},"query-input":{"@type":"PropertyValueSpecification","valueRequired":true,"valueName":"search_term_string"}}],"inLanguage":"en-US"},{"@type":"Organization","@id":"https:\/\/www.brichome.it\/#organization","name":"Brichome","url":"https:\/\/www.brichome.it\/","logo":{"@type":"ImageObject","inLanguage":"en-US","@id":"https:\/\/www.brichome.it\/#\/schema\/logo\/image\/","url":"https:\/\/www.brichome.it\/wp-content\/uploads\/2017\/08\/logo.png","contentUrl":"https:\/\/www.brichome.it\/wp-content\/uploads\/2017\/08\/logo.png","width":324,"height":75,"caption":"Brichome"},"image":{"@id":"https:\/\/www.brichome.it\/#\/schema\/logo\/image\/"},"sameAs":["https:\/\/www.facebook.com\/brichome.it","https:\/\/x.com\/Brichome","https:\/\/www.pinterest.com\/brichome\/"]}]}},"brands":[{"id":6880,"name":"Qinda","slug":"qinda"}],"_links":{"self":[{"href":"https:\/\/www.brichome.it\/en\/wp-json\/wp\/v2\/product\/51431","targetHints":{"allow":["GET"]}}],"collection":[{"href":"https:\/\/www.brichome.it\/en\/wp-json\/wp\/v2\/product"}],"about":[{"href":"https:\/\/www.brichome.it\/en\/wp-json\/wp\/v2\/types\/product"}],"wp:featuredmedia":[{"embeddable":true,"href":"https:\/\/www.brichome.it\/en\/wp-json\/wp\/v2\/media\/51438"}],"wp:attachment":[{"href":"https:\/\/www.brichome.it\/en\/wp-json\/wp\/v2\/media?parent=51431"}],"wp:term":[{"taxonomy":"pwb-brand","embeddable":true,"href":"https:\/\/www.brichome.it\/en\/wp-json\/wp\/v2\/pwb-brand?post=51431"},{"taxonomy":"product_brand","embeddable":true,"href":"https:\/\/www.brichome.it\/en\/wp-json\/wp\/v2\/product_brand?post=51431"},{"taxonomy":"product_cat","embeddable":true,"href":"https:\/\/www.brichome.it\/en\/wp-json\/wp\/v2\/product_cat?post=51431"},{"taxonomy":"product_tag","embeddable":true,"href":"https:\/\/www.brichome.it\/en\/wp-json\/wp\/v2\/product_tag?post=51431"}],"curies":[{"name":"wp","href":"https:\/\/api.w.org\/{rel}","templated":true}]}}